{"id":1361493,"date":"2026-03-07T09:36:47","date_gmt":"2026-03-07T07:36:47","guid":{"rendered":"https:\/\/digibit.ee\/product\/bosch-mfq49300-sahkovatkain-valkoinen\/"},"modified":"2026-04-12T09:17:06","modified_gmt":"2026-04-12T06:17:06","slug":"bosch-mfq49300-sahkovatkain-valkoinen","status":"publish","type":"product","link":"https:\/\/digibit.ee\/en\/product\/bosch-mfq49300-sahkovatkain-valkoinen\/","title":{"rendered":"Bosch MFQ49300 electric hand mixer, white"},"content":{"rendered":"<p>Bosch MFQ49300. Malli: K\u00e4sisekoitin, Tuotteen v\u00e4ri: musta, Ruostumaton ter\u00e4s, Valkoinen, Mikseri-Funktiot: Vaivaus, Sekoitus, Sekoittaminen. Teho: 850 W, AC-sy\u00f6tt\u00f6j\u00e4nnite: 220 &#8211; 240 V, AC-sy\u00f6tt\u00f6taajuus: 50 &#8211; 60 Hz. Tuotteen leveys: 75 mm, Tuotteen syvyys: 200 mm, Tuotteen korkeus: 142 mm. Pakkauksen leveys: 232 mm, Pakkauksen syvyys: 101 mm, Pakkauksen korkeus: 225 mm<\/p>\n","protected":false},"excerpt":{"rendered":"<ul>\n<li>Power 850 W<\/li>\n<li>5 speeds and turbo function<\/li>\n<li>BPA-free plastic parts, stainless steel whisks, and dough hooks<\/li>\n<li>Ergonomic handle<\/li>\n<li>Extendable and flexible spiral cable<\/li>\n<\/ul>\n","protected":false},"featured_media":999999999,"template":"","meta":{"_acf_changed":false},"product_brand":[],"product_cat":[16835],"product_tag":[],"class_list":{"0":"post-1361493","1":"product","2":"type-product","3":"status-publish","4":"has-post-thumbnail","6":"product_cat-vaikeseadmed","8":"first","9":"instock","10":"taxable","11":"shipping-taxable","12":"purchasable","13":"product-type-simple"},"acf":[],"_links":{"self":[{"href":"https:\/\/digibit.ee\/en\/wp-json\/wp\/v2\/product\/1361493","targetHints":{"allow":["GET"]}}],"collection":[{"href":"https:\/\/digibit.ee\/en\/wp-json\/wp\/v2\/product"}],"about":[{"href":"https:\/\/digibit.ee\/en\/wp-json\/wp\/v2\/types\/product"}],"wp:featuredmedia":[{"embeddable":true,"href":"https:\/\/digibit.ee\/en\/wp-json\/"}],"wp:attachment":[{"href":"https:\/\/digibit.ee\/en\/wp-json\/wp\/v2\/media?parent=1361493"}],"wp:term":[{"taxonomy":"product_brand","embeddable":true,"href":"https:\/\/digibit.ee\/en\/wp-json\/wp\/v2\/product_brand?post=1361493"},{"taxonomy":"product_cat","embeddable":true,"href":"https:\/\/digibit.ee\/en\/wp-json\/wp\/v2\/product_cat?post=1361493"},{"taxonomy":"product_tag","embeddable":true,"href":"https:\/\/digibit.ee\/en\/wp-json\/wp\/v2\/product_tag?post=1361493"}],"curies":[{"name":"wp","href":"https:\/\/api.w.org\/{rel}","templated":true}]}}