{"id":1361455,"date":"2026-03-07T09:36:45","date_gmt":"2026-03-07T07:36:45","guid":{"rendered":"https:\/\/digibit.ee\/product\/evoc-hip-pack-vyolaukun-juomarakko-15-l\/"},"modified":"2026-04-21T18:20:12","modified_gmt":"2026-04-21T15:20:12","slug":"evoc-hip-pack-vyolaukun-juomarakko-15-l","status":"publish","type":"product","link":"https:\/\/digibit.ee\/en\/product\/evoc-hip-pack-vyolaukun-juomarakko-15-l\/","title":{"rendered":"Evoc HIP PACK waist bag hydration bladder, 1.5 l"},"content":{"rendered":"<p>EVOC 721554-01. Tuotetyyppi: Nesteytysreppu, Tuotteen v\u00e4ri: Harmaa, Lukum\u00e4\u00e4r\u00e4 per pakkaus: 1 kpl<\/p>\n","protected":false},"excerpt":{"rendered":"<ul>\n<li>Drink pouch for belt bag<\/li>\n<li>Volume 1.5 l<\/li>\n<li>BPA and PVC free material<\/li>\n<li>COMET BITE VALVE valve<\/li>\n<li>Heat resistance up to 60 \u00b0C<\/li>\n<\/ul>\n","protected":false},"featured_media":999999999,"template":"","meta":{"_acf_changed":false},"product_brand":[],"product_cat":[18318,16762,17830,16761],"product_tag":[],"class_list":{"0":"post-1361455","1":"product","2":"type-product","3":"status-publish","4":"has-post-thumbnail","6":"product_cat-juomareput-ja-pussit","7":"product_cat-matkamine-ja-matkavarustus","8":"product_cat-reput-ja-rinkat","9":"product_cat-sport","11":"first","12":"instock","13":"taxable","14":"shipping-taxable","15":"purchasable","16":"product-type-simple"},"acf":[],"_links":{"self":[{"href":"https:\/\/digibit.ee\/en\/wp-json\/wp\/v2\/product\/1361455","targetHints":{"allow":["GET"]}}],"collection":[{"href":"https:\/\/digibit.ee\/en\/wp-json\/wp\/v2\/product"}],"about":[{"href":"https:\/\/digibit.ee\/en\/wp-json\/wp\/v2\/types\/product"}],"wp:featuredmedia":[{"embeddable":true,"href":"https:\/\/digibit.ee\/en\/wp-json\/"}],"wp:attachment":[{"href":"https:\/\/digibit.ee\/en\/wp-json\/wp\/v2\/media?parent=1361455"}],"wp:term":[{"taxonomy":"product_brand","embeddable":true,"href":"https:\/\/digibit.ee\/en\/wp-json\/wp\/v2\/product_brand?post=1361455"},{"taxonomy":"product_cat","embeddable":true,"href":"https:\/\/digibit.ee\/en\/wp-json\/wp\/v2\/product_cat?post=1361455"},{"taxonomy":"product_tag","embeddable":true,"href":"https:\/\/digibit.ee\/en\/wp-json\/wp\/v2\/product_tag?post=1361455"}],"curies":[{"name":"wp","href":"https:\/\/api.w.org\/{rel}","templated":true}]}}