{"id":1358661,"date":"2026-03-07T09:33:44","date_gmt":"2026-03-07T07:33:44","guid":{"rendered":"https:\/\/digibit.ee\/product\/blackstone-e-series-22-sahkokayttoinen-parilagrilli\/"},"modified":"2026-04-12T09:15:08","modified_gmt":"2026-04-12T06:15:08","slug":"blackstone-e-series-22-sahkokayttoinen-parilagrilli","status":"publish","type":"product","link":"https:\/\/digibit.ee\/en\/product\/blackstone-e-series-22-sahkokayttoinen-parilagrilli\/","title":{"rendered":"Blackstone E-Series 22&#8243; electric griddle grill"},"content":{"rendered":"<p>Blackstone 8001EU. Tuotteen v\u00e4ri: musta, Laitteen sijoitus: Vapaasti seisova, Vy\u00f6hykkeiden m\u00e4\u00e4r\u00e4: 1 alue(tta). Teho: 1200 W, AC-sy\u00f6tt\u00f6j\u00e4nnite: 120 V. Tuotteen leveys: 610 mm, Tuotteen syvyys: 490 mm, Tuotteen korkeus: 180 mm<\/p>\n","protected":false},"excerpt":{"rendered":"<ul>\n<li>2010 cm\u00b2 cooking area<\/li>\n<li>Non-stick ceramic titanium coating<\/li>\n<li>Equipped with a large LCD screen<\/li>\n<li>Durable grease cup for dishwasher<\/li>\n<li>Easy to clean<\/li>\n<\/ul>\n","protected":false},"featured_media":999999999,"template":"","meta":{"_acf_changed":false},"product_brand":[],"product_cat":[16835],"product_tag":[],"class_list":{"0":"post-1358661","1":"product","2":"type-product","3":"status-publish","4":"has-post-thumbnail","6":"product_cat-vaikeseadmed","8":"first","9":"onbackorder","10":"taxable","11":"shipping-taxable","12":"purchasable","13":"product-type-simple"},"acf":[],"_links":{"self":[{"href":"https:\/\/digibit.ee\/en\/wp-json\/wp\/v2\/product\/1358661","targetHints":{"allow":["GET"]}}],"collection":[{"href":"https:\/\/digibit.ee\/en\/wp-json\/wp\/v2\/product"}],"about":[{"href":"https:\/\/digibit.ee\/en\/wp-json\/wp\/v2\/types\/product"}],"wp:featuredmedia":[{"embeddable":true,"href":"https:\/\/digibit.ee\/en\/wp-json\/"}],"wp:attachment":[{"href":"https:\/\/digibit.ee\/en\/wp-json\/wp\/v2\/media?parent=1358661"}],"wp:term":[{"taxonomy":"product_brand","embeddable":true,"href":"https:\/\/digibit.ee\/en\/wp-json\/wp\/v2\/product_brand?post=1358661"},{"taxonomy":"product_cat","embeddable":true,"href":"https:\/\/digibit.ee\/en\/wp-json\/wp\/v2\/product_cat?post=1358661"},{"taxonomy":"product_tag","embeddable":true,"href":"https:\/\/digibit.ee\/en\/wp-json\/wp\/v2\/product_tag?post=1358661"}],"curies":[{"name":"wp","href":"https:\/\/api.w.org\/{rel}","templated":true}]}}