{"id":1358380,"date":"2026-03-07T09:33:26","date_gmt":"2026-03-07T07:33:26","guid":{"rendered":"https:\/\/digibit.ee\/product\/dicota-hi-vis-25l-sadesuoja-reppuun-oranssi\/"},"modified":"2026-04-18T12:14:58","modified_gmt":"2026-04-18T09:14:58","slug":"dicota-hi-vis-25l-sadesuoja-reppuun-oranssi","status":"publish","type":"product","link":"https:\/\/digibit.ee\/en\/product\/dicota-hi-vis-25l-sadesuoja-reppuun-oranssi\/","title":{"rendered":"Dicota HI-VIS 25L rain cover for backpack, orange"},"content":{"rendered":"<p>DICOTA Hi-Vis. Tuotetyyppi: Selk\u00e4repun sadesuoja, Tuotteen v\u00e4ri: Oranssi, Materiaali: Polyesteri. Tuotteen leveys: 560 mm, Tuotteen syvyys: 500 mm, Paino: 170 g. Lukum\u00e4\u00e4r\u00e4 per pakkaus: 1 kpl<\/p>\n","protected":false},"excerpt":{"rendered":"<ul>\n<li>Waterproof surface<\/li>\n<li>Highly visible fluorescent material<\/li>\n<li>Reflective 3M tape<\/li>\n<li>Easy to put on in seconds<\/li>\n<\/ul>\n","protected":false},"featured_media":999999999,"template":"","meta":{"_acf_changed":false},"product_brand":[],"product_cat":[17099],"product_tag":[],"class_list":{"0":"post-1358380","1":"product","2":"type-product","3":"status-publish","4":"has-post-thumbnail","6":"product_cat-kotid-ja-reisimine","8":"first","9":"onbackorder","10":"taxable","11":"shipping-taxable","12":"purchasable","13":"product-type-simple"},"acf":[],"_links":{"self":[{"href":"https:\/\/digibit.ee\/en\/wp-json\/wp\/v2\/product\/1358380","targetHints":{"allow":["GET"]}}],"collection":[{"href":"https:\/\/digibit.ee\/en\/wp-json\/wp\/v2\/product"}],"about":[{"href":"https:\/\/digibit.ee\/en\/wp-json\/wp\/v2\/types\/product"}],"wp:featuredmedia":[{"embeddable":true,"href":"https:\/\/digibit.ee\/en\/wp-json\/"}],"wp:attachment":[{"href":"https:\/\/digibit.ee\/en\/wp-json\/wp\/v2\/media?parent=1358380"}],"wp:term":[{"taxonomy":"product_brand","embeddable":true,"href":"https:\/\/digibit.ee\/en\/wp-json\/wp\/v2\/product_brand?post=1358380"},{"taxonomy":"product_cat","embeddable":true,"href":"https:\/\/digibit.ee\/en\/wp-json\/wp\/v2\/product_cat?post=1358380"},{"taxonomy":"product_tag","embeddable":true,"href":"https:\/\/digibit.ee\/en\/wp-json\/wp\/v2\/product_tag?post=1358380"}],"curies":[{"name":"wp","href":"https:\/\/api.w.org\/{rel}","templated":true}]}}