{"id":1357944,"date":"2026-03-07T09:32:58","date_gmt":"2026-03-07T07:32:58","guid":{"rendered":"https:\/\/digibit.ee\/product\/aquabeads-nail-studio-upeat-kynnet-setti\/"},"modified":"2026-04-11T09:30:53","modified_gmt":"2026-04-11T06:30:53","slug":"aquabeads-nail-studio-upeat-kynnet-setti","status":"publish","type":"product","link":"https:\/\/digibit.ee\/en\/product\/aquabeads-nail-studio-upeat-kynnet-setti\/","title":{"rendered":"Aquabeads Nail Studio &#8211; Stunning Nails Set"},"content":{"rendered":"<p>Aquabeads 35027. Suositeltu ik\u00e4 (min): 4 vuosi\/vuosia, Materiaali: Muovi, Tuotteen v\u00e4ri: Moniv\u00e4rinen. Osien m\u00e4\u00e4r\u00e4: 1 kpl<\/p>\n","protected":false},"excerpt":{"rendered":"<ul>\n<li>Nails and decorations for 60 nail models<\/li>\n<li>Decorate your nails and let them dry for 3 minutes.<\/li>\n<li>Nail attachment time: 3min<\/li>\n<li>The nails are reusable.<\/li>\n<li>Age recommendation: for over 4 years old<\/li>\n<\/ul>\n","protected":false},"featured_media":999999999,"template":"","meta":{"_acf_changed":false},"product_brand":[],"product_cat":[17027],"product_tag":[],"class_list":{"0":"post-1357944","1":"product","2":"type-product","3":"status-publish","4":"has-post-thumbnail","6":"product_cat-manguasjad","8":"first","9":"instock","10":"taxable","11":"shipping-taxable","12":"purchasable","13":"product-type-simple"},"acf":[],"_links":{"self":[{"href":"https:\/\/digibit.ee\/en\/wp-json\/wp\/v2\/product\/1357944","targetHints":{"allow":["GET"]}}],"collection":[{"href":"https:\/\/digibit.ee\/en\/wp-json\/wp\/v2\/product"}],"about":[{"href":"https:\/\/digibit.ee\/en\/wp-json\/wp\/v2\/types\/product"}],"wp:featuredmedia":[{"embeddable":true,"href":"https:\/\/digibit.ee\/en\/wp-json\/"}],"wp:attachment":[{"href":"https:\/\/digibit.ee\/en\/wp-json\/wp\/v2\/media?parent=1357944"}],"wp:term":[{"taxonomy":"product_brand","embeddable":true,"href":"https:\/\/digibit.ee\/en\/wp-json\/wp\/v2\/product_brand?post=1357944"},{"taxonomy":"product_cat","embeddable":true,"href":"https:\/\/digibit.ee\/en\/wp-json\/wp\/v2\/product_cat?post=1357944"},{"taxonomy":"product_tag","embeddable":true,"href":"https:\/\/digibit.ee\/en\/wp-json\/wp\/v2\/product_tag?post=1357944"}],"curies":[{"name":"wp","href":"https:\/\/api.w.org\/{rel}","templated":true}]}}