{"id":1356770,"date":"2026-03-07T09:31:43","date_gmt":"2026-03-07T07:31:43","guid":{"rendered":"https:\/\/digibit.ee\/product\/panzerglass-ultra-wide-fit-panssarilasi-sony-xperia-10-vi\/"},"modified":"2026-04-10T18:17:00","modified_gmt":"2026-04-10T15:17:00","slug":"panzerglass-ultra-wide-fit-panssarilasi-sony-xperia-10-vi","status":"publish","type":"product","link":"https:\/\/digibit.ee\/en\/product\/panzerglass-ultra-wide-fit-panssarilasi-sony-xperia-10-vi\/","title":{"rendered":"PanzerGlass Ultra Wide Fit screen protector, Sony Xperia 10 VI"},"content":{"rendered":"<p>PanzerGlass PG Sony Xperia 10 VI 2024\/10 V 2023. Tuotemerkin yhteensopivuus: Sony, Yhteensopivuus: Sony &#8211; Xperia 10 VI, Sony &#8211; Xperia 10 V. Asennus kuivana. Suojaustoiminnot: Naarmuuntumisenkest\u00e4v\u00e4, Iskunkest\u00e4v\u00e4. Materiaali: Karkaistu lasi, Polyeteenitereftalaatti, Silikoni, Tuotteen v\u00e4ri: L\u00e4pin\u00e4kyv\u00e4. Lukum\u00e4\u00e4r\u00e4 per pakkaus: 1 kpl<\/p>\n","protected":false},"excerpt":{"rendered":"<ul>\n<li>Tempered glass<\/li>\n<li>Crystal clear<\/li>\n<li>Excellent feel<\/li>\n<li>60% recycled glass<\/li>\n<\/ul>\n","protected":false},"featured_media":999999999,"template":"","meta":{"_acf_changed":false},"product_brand":[],"product_cat":[17554,18511,16845,18510],"product_tag":[],"class_list":{"0":"post-1356770","1":"product","2":"type-product","3":"status-publish","4":"has-post-thumbnail","6":"product_cat-kaitsekiled","7":"product_cat-sony","8":"product_cat-telefonid","9":"product_cat-xperia-10","11":"first","12":"instock","13":"taxable","14":"shipping-taxable","15":"purchasable","16":"product-type-simple"},"acf":[],"_links":{"self":[{"href":"https:\/\/digibit.ee\/en\/wp-json\/wp\/v2\/product\/1356770","targetHints":{"allow":["GET"]}}],"collection":[{"href":"https:\/\/digibit.ee\/en\/wp-json\/wp\/v2\/product"}],"about":[{"href":"https:\/\/digibit.ee\/en\/wp-json\/wp\/v2\/types\/product"}],"wp:featuredmedia":[{"embeddable":true,"href":"https:\/\/digibit.ee\/en\/wp-json\/"}],"wp:attachment":[{"href":"https:\/\/digibit.ee\/en\/wp-json\/wp\/v2\/media?parent=1356770"}],"wp:term":[{"taxonomy":"product_brand","embeddable":true,"href":"https:\/\/digibit.ee\/en\/wp-json\/wp\/v2\/product_brand?post=1356770"},{"taxonomy":"product_cat","embeddable":true,"href":"https:\/\/digibit.ee\/en\/wp-json\/wp\/v2\/product_cat?post=1356770"},{"taxonomy":"product_tag","embeddable":true,"href":"https:\/\/digibit.ee\/en\/wp-json\/wp\/v2\/product_tag?post=1356770"}],"curies":[{"name":"wp","href":"https:\/\/api.w.org\/{rel}","templated":true}]}}