{"id":1356645,"date":"2026-03-07T09:31:35","date_gmt":"2026-03-07T07:31:35","guid":{"rendered":"https:\/\/digibit.ee\/product\/dbramante1928-oslo-suojakotelo-google-pixel-8a-musta\/"},"modified":"2026-04-21T09:13:33","modified_gmt":"2026-04-21T06:13:33","slug":"dbramante1928-oslo-suojakotelo-google-pixel-8a-musta","status":"publish","type":"product","link":"https:\/\/digibit.ee\/en\/product\/dbramante1928-oslo-suojakotelo-google-pixel-8a-musta\/","title":{"rendered":"Dbramante1928 Oslo protective case, Google Pixel 8a, black"},"content":{"rendered":"<p>dbramante1928 Oslo Pro. Kotelotyyppi: Folio-kotelo, Tuotemerkin yhteensopivuus: Google, Yhteensopivuus: Pixel 8a, N\u00e4yt\u00f6n yhteensopivuuden enimm\u00e4iskoko: 15,5 cm (6.1&#8243;), Pinnan v\u00e4ri: Yksiv\u00e4rinen, Tuotteen v\u00e4ri: musta, Ty\u00f6p\u00f6yt\u00e4teline, Korttipaikkoja: 3<\/p>\n","protected":false},"excerpt":{"rendered":"<ul>\n<li>100% recycled material<\/li>\n<li>100% recyclable<\/li>\n<li>Three card slots<\/li>\n<li>Extremely thin<\/li>\n<\/ul>\n","protected":false},"featured_media":999999999,"template":"","meta":{"_acf_changed":false},"product_brand":[],"product_cat":[16845],"product_tag":[],"class_list":{"0":"post-1356645","1":"product","2":"type-product","3":"status-publish","4":"has-post-thumbnail","6":"product_cat-telefonid","8":"first","9":"instock","10":"taxable","11":"shipping-taxable","12":"purchasable","13":"product-type-simple"},"acf":[],"_links":{"self":[{"href":"https:\/\/digibit.ee\/en\/wp-json\/wp\/v2\/product\/1356645","targetHints":{"allow":["GET"]}}],"collection":[{"href":"https:\/\/digibit.ee\/en\/wp-json\/wp\/v2\/product"}],"about":[{"href":"https:\/\/digibit.ee\/en\/wp-json\/wp\/v2\/types\/product"}],"wp:featuredmedia":[{"embeddable":true,"href":"https:\/\/digibit.ee\/en\/wp-json\/"}],"wp:attachment":[{"href":"https:\/\/digibit.ee\/en\/wp-json\/wp\/v2\/media?parent=1356645"}],"wp:term":[{"taxonomy":"product_brand","embeddable":true,"href":"https:\/\/digibit.ee\/en\/wp-json\/wp\/v2\/product_brand?post=1356645"},{"taxonomy":"product_cat","embeddable":true,"href":"https:\/\/digibit.ee\/en\/wp-json\/wp\/v2\/product_cat?post=1356645"},{"taxonomy":"product_tag","embeddable":true,"href":"https:\/\/digibit.ee\/en\/wp-json\/wp\/v2\/product_tag?post=1356645"}],"curies":[{"name":"wp","href":"https:\/\/api.w.org\/{rel}","templated":true}]}}