{"id":1356644,"date":"2026-03-07T09:31:35","date_gmt":"2026-03-07T07:31:35","guid":{"rendered":"https:\/\/digibit.ee\/product\/dbramante1928-greenland-suojakuori-google-pixel-8a-kirkas\/"},"modified":"2026-04-21T15:08:21","modified_gmt":"2026-04-21T12:08:21","slug":"dbramante1928-greenland-suojakuori-google-pixel-8a-kirkas","status":"publish","type":"product","link":"https:\/\/digibit.ee\/en\/product\/dbramante1928-greenland-suojakuori-google-pixel-8a-kirkas\/","title":{"rendered":"Dbramante1928 Greenland Protective Case, Google Pixel 8a, Clear"},"content":{"rendered":"<p>dbramante1928 Greenland. Kotelotyyppi: Suojus, Tuotemerkin yhteensopivuus: Google, Yhteensopivuus: Pixel 8a, N\u00e4yt\u00f6n yhteensopivuuden enimm\u00e4iskoko: 15,5 cm (6.1&#8243;), Pinnan v\u00e4ri: Yksiv\u00e4rinen, Tuotteen v\u00e4ri: L\u00e4pin\u00e4kyv\u00e4<\/p>\n","protected":false},"excerpt":{"rendered":"<ul>\n<li>100% recycled plastic<\/li>\n<li>Protection from impacts<\/li>\n<\/ul>\n","protected":false},"featured_media":999999999,"template":"","meta":{"_acf_changed":false},"product_brand":[],"product_cat":[16845],"product_tag":[],"class_list":{"0":"post-1356644","1":"product","2":"type-product","3":"status-publish","4":"has-post-thumbnail","6":"product_cat-telefonid","8":"first","9":"onbackorder","10":"taxable","11":"shipping-taxable","12":"purchasable","13":"product-type-simple"},"acf":[],"_links":{"self":[{"href":"https:\/\/digibit.ee\/en\/wp-json\/wp\/v2\/product\/1356644","targetHints":{"allow":["GET"]}}],"collection":[{"href":"https:\/\/digibit.ee\/en\/wp-json\/wp\/v2\/product"}],"about":[{"href":"https:\/\/digibit.ee\/en\/wp-json\/wp\/v2\/types\/product"}],"wp:featuredmedia":[{"embeddable":true,"href":"https:\/\/digibit.ee\/en\/wp-json\/"}],"wp:attachment":[{"href":"https:\/\/digibit.ee\/en\/wp-json\/wp\/v2\/media?parent=1356644"}],"wp:term":[{"taxonomy":"product_brand","embeddable":true,"href":"https:\/\/digibit.ee\/en\/wp-json\/wp\/v2\/product_brand?post=1356644"},{"taxonomy":"product_cat","embeddable":true,"href":"https:\/\/digibit.ee\/en\/wp-json\/wp\/v2\/product_cat?post=1356644"},{"taxonomy":"product_tag","embeddable":true,"href":"https:\/\/digibit.ee\/en\/wp-json\/wp\/v2\/product_tag?post=1356644"}],"curies":[{"name":"wp","href":"https:\/\/api.w.org\/{rel}","templated":true}]}}