{"id":1356136,"date":"2026-03-07T09:31:01","date_gmt":"2026-03-07T07:31:01","guid":{"rendered":"https:\/\/digibit.ee\/product\/parker-jotter-special-edition-70th-anniversary-stainless-steel-g-t-kuulakarkikyna\/"},"modified":"2026-04-11T09:29:54","modified_gmt":"2026-04-11T06:29:54","slug":"parker-jotter-special-edition-70th-anniversary-stainless-steel-g-t-kuulakarkikyna","status":"publish","type":"product","link":"https:\/\/digibit.ee\/en\/product\/parker-jotter-special-edition-70th-anniversary-stainless-steel-g-t-kuulakarkikyna\/","title":{"rendered":"Parker Jotter Special Edition 70th Anniversary Stainless Steel G.T. -ballpoint pen"},"content":{"rendered":"<p>Parker Jotter Premium. Tuotteen v\u00e4ri: Kulta, Hopea, Malli: Kuulak\u00e4rkikyn\u00e4 klikkausmekanismilla, Pakkauksen muoto: Py\u00f6re\u00e4. Lukum\u00e4\u00e4r\u00e4 per pakkaus: 1 kpl, Pakkaustyyppi: Lahjalaatikko<\/p>\n","protected":false},"excerpt":{"rendered":"<ul>\n<li>Blue ink<\/li>\n<li>M-sized tip<\/li>\n<li>Gift package<\/li>\n<li>Jotter 70th Anniversary Edition<\/li>\n<\/ul>\n","protected":false},"featured_media":999999999,"template":"","meta":{"_acf_changed":false},"product_brand":[],"product_cat":[16683],"product_tag":[],"class_list":{"0":"post-1356136","1":"product","2":"type-product","3":"status-publish","4":"has-post-thumbnail","6":"product_cat-kontoritarbed","8":"first","9":"onbackorder","10":"taxable","11":"shipping-taxable","12":"purchasable","13":"product-type-simple"},"acf":[],"_links":{"self":[{"href":"https:\/\/digibit.ee\/en\/wp-json\/wp\/v2\/product\/1356136","targetHints":{"allow":["GET"]}}],"collection":[{"href":"https:\/\/digibit.ee\/en\/wp-json\/wp\/v2\/product"}],"about":[{"href":"https:\/\/digibit.ee\/en\/wp-json\/wp\/v2\/types\/product"}],"wp:featuredmedia":[{"embeddable":true,"href":"https:\/\/digibit.ee\/en\/wp-json\/"}],"wp:attachment":[{"href":"https:\/\/digibit.ee\/en\/wp-json\/wp\/v2\/media?parent=1356136"}],"wp:term":[{"taxonomy":"product_brand","embeddable":true,"href":"https:\/\/digibit.ee\/en\/wp-json\/wp\/v2\/product_brand?post=1356136"},{"taxonomy":"product_cat","embeddable":true,"href":"https:\/\/digibit.ee\/en\/wp-json\/wp\/v2\/product_cat?post=1356136"},{"taxonomy":"product_tag","embeddable":true,"href":"https:\/\/digibit.ee\/en\/wp-json\/wp\/v2\/product_tag?post=1356136"}],"curies":[{"name":"wp","href":"https:\/\/api.w.org\/{rel}","templated":true}]}}