{"id":1356121,"date":"2026-03-07T09:31:00","date_gmt":"2026-03-07T07:31:00","guid":{"rendered":"https:\/\/digibit.ee\/product\/bosch-clevermixx-mfq3010-sahkovatkain\/"},"modified":"2026-04-12T12:08:23","modified_gmt":"2026-04-12T09:08:23","slug":"bosch-clevermixx-mfq3010-sahkovatkain","status":"publish","type":"product","link":"https:\/\/digibit.ee\/en\/product\/bosch-clevermixx-mfq3010-sahkovatkain\/","title":{"rendered":"Bosch CleverMixx MFQ3010 electric hand mixer"},"content":{"rendered":"<p>Bosch MFQ3010. Malli: K\u00e4sisekoitin, Tuotteen v\u00e4ri: Valkoinen, Johdon pituus: 1,4 m. Kotelon materiaali: Muovi, Ter\u00e4n materiaali: Ruostumaton ter\u00e4s. Teho: 300 W, AC-sy\u00f6tt\u00f6j\u00e4nnite: 220 &#8211; 240 V, AC-sy\u00f6tt\u00f6taajuus: 50 &#8211; 60 Hz. Tuotteen leveys: 70 mm, Tuotteen syvyys: 184 mm, Tuotteen korkeus: 140 mm. Pakkauksen paino: 1,1 kg<\/p>\n","protected":false},"excerpt":{"rendered":"<ul>\n<li>300 watt motor<\/li>\n<li>Steel whisks and dough hooks<\/li>\n<li>Light casing<\/li>\n<li>Release button<\/li>\n<li>2 power zones at different RPMs<\/li>\n<\/ul>\n","protected":false},"featured_media":999999999,"template":"","meta":{"_acf_changed":false},"product_brand":[],"product_cat":[16835],"product_tag":[],"class_list":{"0":"post-1356121","1":"product","2":"type-product","3":"status-publish","4":"has-post-thumbnail","6":"product_cat-vaikeseadmed","8":"first","9":"instock","10":"taxable","11":"shipping-taxable","12":"purchasable","13":"product-type-simple"},"acf":[],"_links":{"self":[{"href":"https:\/\/digibit.ee\/en\/wp-json\/wp\/v2\/product\/1356121","targetHints":{"allow":["GET"]}}],"collection":[{"href":"https:\/\/digibit.ee\/en\/wp-json\/wp\/v2\/product"}],"about":[{"href":"https:\/\/digibit.ee\/en\/wp-json\/wp\/v2\/types\/product"}],"wp:featuredmedia":[{"embeddable":true,"href":"https:\/\/digibit.ee\/en\/wp-json\/"}],"wp:attachment":[{"href":"https:\/\/digibit.ee\/en\/wp-json\/wp\/v2\/media?parent=1356121"}],"wp:term":[{"taxonomy":"product_brand","embeddable":true,"href":"https:\/\/digibit.ee\/en\/wp-json\/wp\/v2\/product_brand?post=1356121"},{"taxonomy":"product_cat","embeddable":true,"href":"https:\/\/digibit.ee\/en\/wp-json\/wp\/v2\/product_cat?post=1356121"},{"taxonomy":"product_tag","embeddable":true,"href":"https:\/\/digibit.ee\/en\/wp-json\/wp\/v2\/product_tag?post=1356121"}],"curies":[{"name":"wp","href":"https:\/\/api.w.org\/{rel}","templated":true}]}}