{"id":1341464,"date":"2026-03-07T09:16:10","date_gmt":"2026-03-07T07:16:10","guid":{"rendered":"https:\/\/digibit.ee\/product\/rotring-600-ballben-silver-kuulakarkikyna\/"},"modified":"2026-04-11T09:04:52","modified_gmt":"2026-04-11T06:04:52","slug":"rotring-600-ballben-silver-kuulakarkikyna","status":"publish","type":"product","link":"https:\/\/digibit.ee\/en\/product\/rotring-600-ballben-silver-kuulakarkikyna\/","title":{"rendered":"Rotring 600 Ballpen Silver &#8211; ballpoint pen"},"content":{"rendered":"<p>Rotring 2032578. Tuotteen v\u00e4ri: Hopea. Lukum\u00e4\u00e4r\u00e4 per pakkaus: 1 kpl<\/p>\n","protected":false},"excerpt":{"rendered":"<ul>\n<li>Hexagonal design<\/li>\n<li>Blue ink<\/li>\n<li>Tip width: M<\/li>\n<\/ul>\n","protected":false},"featured_media":999999999,"template":"","meta":{"_acf_changed":false},"product_brand":[],"product_cat":[16683],"product_tag":[],"class_list":{"0":"post-1341464","1":"product","2":"type-product","3":"status-publish","4":"has-post-thumbnail","6":"product_cat-kontoritarbed","8":"first","9":"onbackorder","10":"taxable","11":"shipping-taxable","12":"purchasable","13":"product-type-simple"},"acf":[],"_links":{"self":[{"href":"https:\/\/digibit.ee\/en\/wp-json\/wp\/v2\/product\/1341464","targetHints":{"allow":["GET"]}}],"collection":[{"href":"https:\/\/digibit.ee\/en\/wp-json\/wp\/v2\/product"}],"about":[{"href":"https:\/\/digibit.ee\/en\/wp-json\/wp\/v2\/types\/product"}],"wp:featuredmedia":[{"embeddable":true,"href":"https:\/\/digibit.ee\/en\/wp-json\/"}],"wp:attachment":[{"href":"https:\/\/digibit.ee\/en\/wp-json\/wp\/v2\/media?parent=1341464"}],"wp:term":[{"taxonomy":"product_brand","embeddable":true,"href":"https:\/\/digibit.ee\/en\/wp-json\/wp\/v2\/product_brand?post=1341464"},{"taxonomy":"product_cat","embeddable":true,"href":"https:\/\/digibit.ee\/en\/wp-json\/wp\/v2\/product_cat?post=1341464"},{"taxonomy":"product_tag","embeddable":true,"href":"https:\/\/digibit.ee\/en\/wp-json\/wp\/v2\/product_tag?post=1341464"}],"curies":[{"name":"wp","href":"https:\/\/api.w.org\/{rel}","templated":true}]}}