{"id":1340917,"date":"2026-03-07T09:15:36","date_gmt":"2026-03-07T07:15:36","guid":{"rendered":"https:\/\/digibit.ee\/product\/hp-laserjet-d7h14a-transfer-and-roller-kit-huoltosarja\/"},"modified":"2026-04-19T18:04:58","modified_gmt":"2026-04-19T15:04:58","slug":"hp-laserjet-d7h14a-transfer-and-roller-kit-huoltosarja","status":"publish","type":"product","link":"https:\/\/digibit.ee\/en\/product\/hp-laserjet-d7h14a-transfer-and-roller-kit-huoltosarja\/","title":{"rendered":"HP LaserJet Transfer and Roller Kit D7H14A Service Kit"},"content":{"rendered":"<p>HP LaserJet D7H14A -siirto- ja telapakkaus. Tuotetyyppi: Siirtosarja, Tulostustekniikka: Laser, Tuotteen v\u00e4ri: musta. Tuotteen leveys: 600 mm, Tuotteen syvyys: 503 mm, Tuotteen korkeus: 671 mm. Lukum\u00e4\u00e4r\u00e4 per pakkaus: 1 kpl, Pakkauksen paino: 19,2 kg, Pakkauksen leveys: 600 mm. Pahvilaatikoiden lukum\u00e4\u00e4r\u00e4 per lava: 12 kpl, Tuotteita lavalla: 12 kpl, Kerrosten lukum\u00e4\u00e4r\u00e4 per lava: 3 kpl. EUR-lavan paino: 230,64 g<\/p>\n","protected":false},"excerpt":{"rendered":"<ul>\n<li>Original HP product<\/li>\n<li>Improve print quality<\/li>\n<\/ul>\n","protected":false},"featured_media":999999999,"template":"","meta":{"_acf_changed":false},"product_brand":[],"product_cat":[16972,16745,16688],"product_tag":[],"class_list":{"0":"post-1340917","1":"product","2":"type-product","3":"status-publish","4":"has-post-thumbnail","6":"product_cat-kuvarummut","7":"product_cat-lisaseadmed","8":"product_cat-prinditarvikud","10":"first","11":"onbackorder","12":"taxable","13":"shipping-taxable","14":"purchasable","15":"product-type-simple"},"acf":[],"_links":{"self":[{"href":"https:\/\/digibit.ee\/en\/wp-json\/wp\/v2\/product\/1340917","targetHints":{"allow":["GET"]}}],"collection":[{"href":"https:\/\/digibit.ee\/en\/wp-json\/wp\/v2\/product"}],"about":[{"href":"https:\/\/digibit.ee\/en\/wp-json\/wp\/v2\/types\/product"}],"wp:featuredmedia":[{"embeddable":true,"href":"https:\/\/digibit.ee\/en\/wp-json\/"}],"wp:attachment":[{"href":"https:\/\/digibit.ee\/en\/wp-json\/wp\/v2\/media?parent=1340917"}],"wp:term":[{"taxonomy":"product_brand","embeddable":true,"href":"https:\/\/digibit.ee\/en\/wp-json\/wp\/v2\/product_brand?post=1340917"},{"taxonomy":"product_cat","embeddable":true,"href":"https:\/\/digibit.ee\/en\/wp-json\/wp\/v2\/product_cat?post=1340917"},{"taxonomy":"product_tag","embeddable":true,"href":"https:\/\/digibit.ee\/en\/wp-json\/wp\/v2\/product_tag?post=1340917"}],"curies":[{"name":"wp","href":"https:\/\/api.w.org\/{rel}","templated":true}]}}