{"id":1339354,"date":"2026-03-07T09:14:07","date_gmt":"2026-03-07T07:14:07","guid":{"rendered":"https:\/\/digibit.ee\/product\/faber-castell-pitt-graphite-taiteilijakynasarja\/"},"modified":"2026-04-21T09:03:14","modified_gmt":"2026-04-21T06:03:14","slug":"faber-castell-pitt-graphite-taiteilijakynasarja","status":"publish","type":"product","link":"https:\/\/digibit.ee\/en\/product\/faber-castell-pitt-graphite-taiteilijakynasarja\/","title":{"rendered":"Faber-Castell Pitt Graphite &#8211; artist pencil set"},"content":{"rendered":"<p>Faber-Castell 112973. Kovuus: Multi, Tuotteen v\u00e4ri: musta, Paras k\u00e4ytt\u00f6tapa: Taide. Pakkaustyyppi: Laatikko<\/p>\n","protected":false},"excerpt":{"rendered":"<ul>\n<li>For drafting and graphic work<\/li>\n<li>Multiple different hardnesses<\/li>\n<li>Suitable for even the most demanding taste<\/li>\n<\/ul>\n","protected":false},"featured_media":999999999,"template":"","meta":{"_acf_changed":false},"product_brand":[],"product_cat":[16683],"product_tag":[],"class_list":{"0":"post-1339354","1":"product","2":"type-product","3":"status-publish","4":"has-post-thumbnail","6":"product_cat-kontoritarbed","8":"first","9":"onbackorder","10":"taxable","11":"shipping-taxable","12":"purchasable","13":"product-type-simple"},"acf":[],"_links":{"self":[{"href":"https:\/\/digibit.ee\/en\/wp-json\/wp\/v2\/product\/1339354","targetHints":{"allow":["GET"]}}],"collection":[{"href":"https:\/\/digibit.ee\/en\/wp-json\/wp\/v2\/product"}],"about":[{"href":"https:\/\/digibit.ee\/en\/wp-json\/wp\/v2\/types\/product"}],"wp:featuredmedia":[{"embeddable":true,"href":"https:\/\/digibit.ee\/en\/wp-json\/"}],"wp:attachment":[{"href":"https:\/\/digibit.ee\/en\/wp-json\/wp\/v2\/media?parent=1339354"}],"wp:term":[{"taxonomy":"product_brand","embeddable":true,"href":"https:\/\/digibit.ee\/en\/wp-json\/wp\/v2\/product_brand?post=1339354"},{"taxonomy":"product_cat","embeddable":true,"href":"https:\/\/digibit.ee\/en\/wp-json\/wp\/v2\/product_cat?post=1339354"},{"taxonomy":"product_tag","embeddable":true,"href":"https:\/\/digibit.ee\/en\/wp-json\/wp\/v2\/product_tag?post=1339354"}],"curies":[{"name":"wp","href":"https:\/\/api.w.org\/{rel}","templated":true}]}}