{"id":1339321,"date":"2026-03-07T09:14:03","date_gmt":"2026-03-07T07:14:03","guid":{"rendered":"https:\/\/digibit.ee\/product\/parker-jotter-waterloo-blue-ct-kuulakarkikyna\/"},"modified":"2026-04-11T12:03:30","modified_gmt":"2026-04-11T09:03:30","slug":"parker-jotter-waterloo-blue-ct-kuulakarkikyna","status":"publish","type":"product","link":"https:\/\/digibit.ee\/en\/product\/parker-jotter-waterloo-blue-ct-kuulakarkikyna\/","title":{"rendered":"Parker Jotter Waterloo Blue CT &#8211; ballpoint pen"},"content":{"rendered":"<p>Parker 1953245. Tuotteen v\u00e4ri: Sininen, Kromi, Kyn\u00e4n v\u00e4ri: Sininen, Malli: Kuulak\u00e4rkikyn\u00e4 klikkausmekanismilla. Lukum\u00e4\u00e4r\u00e4 per pakkaus: 1 kpl, Pakkaustyyppi: Kupla<\/p>\n","protected":false},"excerpt":{"rendered":"<ul>\n<li>Legendary ballpoint pen<\/li>\n<li>Full metal<\/li>\n<li>Authentic design<\/li>\n<\/ul>\n","protected":false},"featured_media":999999999,"template":"","meta":{"_acf_changed":false},"product_brand":[],"product_cat":[16683],"product_tag":[],"class_list":{"0":"post-1339321","1":"product","2":"type-product","3":"status-publish","4":"has-post-thumbnail","6":"product_cat-kontoritarbed","8":"first","9":"onbackorder","10":"taxable","11":"shipping-taxable","12":"purchasable","13":"product-type-simple"},"acf":[],"_links":{"self":[{"href":"https:\/\/digibit.ee\/en\/wp-json\/wp\/v2\/product\/1339321","targetHints":{"allow":["GET"]}}],"collection":[{"href":"https:\/\/digibit.ee\/en\/wp-json\/wp\/v2\/product"}],"about":[{"href":"https:\/\/digibit.ee\/en\/wp-json\/wp\/v2\/types\/product"}],"wp:featuredmedia":[{"embeddable":true,"href":"https:\/\/digibit.ee\/en\/wp-json\/"}],"wp:attachment":[{"href":"https:\/\/digibit.ee\/en\/wp-json\/wp\/v2\/media?parent=1339321"}],"wp:term":[{"taxonomy":"product_brand","embeddable":true,"href":"https:\/\/digibit.ee\/en\/wp-json\/wp\/v2\/product_brand?post=1339321"},{"taxonomy":"product_cat","embeddable":true,"href":"https:\/\/digibit.ee\/en\/wp-json\/wp\/v2\/product_cat?post=1339321"},{"taxonomy":"product_tag","embeddable":true,"href":"https:\/\/digibit.ee\/en\/wp-json\/wp\/v2\/product_tag?post=1339321"}],"curies":[{"name":"wp","href":"https:\/\/api.w.org\/{rel}","templated":true}]}}