{"id":1336101,"date":"2026-03-07T09:10:51","date_gmt":"2026-03-07T07:10:51","guid":{"rendered":"https:\/\/digibit.ee\/product\/pilot-frixion-vaihtomustepatruuna-violetti-07-mm-3-kpl\/"},"modified":"2026-04-10T18:01:54","modified_gmt":"2026-04-10T15:01:54","slug":"pilot-frixion-vaihtomustepatruuna-violetti-07-mm-3-kpl","status":"publish","type":"product","link":"https:\/\/digibit.ee\/en\/product\/pilot-frixion-vaihtomustepatruuna-violetti-07-mm-3-kpl\/","title":{"rendered":"Pilot Frixion Replacement Ink Cartridge, Purple, 0.7 mm, 3 pcs"},"content":{"rendered":"<p>Pilot FriXion Ball. Kyn\u00e4n v\u00e4ri: Violetti, K\u00e4rjen leveys: 0,7 mm, Viivan leveys: 0,35 mm<\/p>\n","protected":false},"excerpt":{"rendered":"<p>Pilot FriXion Ball. Kyn\u00e4n v\u00e4ri: Violetti, K\u00e4rjen leveys: 0,7 mm, Viivan leveys: 0,35 mm<\/p>\n","protected":false},"featured_media":999999999,"template":"","meta":{"_acf_changed":false},"product_brand":[],"product_cat":[16683,18046,16777,17942],"product_tag":[],"class_list":{"0":"post-1336101","1":"product","2":"type-product","3":"status-publish","4":"has-post-thumbnail","6":"product_cat-kontoritarbed","7":"product_cat-kuulamuste-ja-geelikynat","8":"product_cat-pliiatsid-ja-pliiatsitarbed","9":"product_cat-vaihtosailiot","11":"first","12":"onbackorder","13":"taxable","14":"shipping-taxable","15":"purchasable","16":"product-type-simple"},"acf":[],"_links":{"self":[{"href":"https:\/\/digibit.ee\/en\/wp-json\/wp\/v2\/product\/1336101","targetHints":{"allow":["GET"]}}],"collection":[{"href":"https:\/\/digibit.ee\/en\/wp-json\/wp\/v2\/product"}],"about":[{"href":"https:\/\/digibit.ee\/en\/wp-json\/wp\/v2\/types\/product"}],"wp:featuredmedia":[{"embeddable":true,"href":"https:\/\/digibit.ee\/en\/wp-json\/"}],"wp:attachment":[{"href":"https:\/\/digibit.ee\/en\/wp-json\/wp\/v2\/media?parent=1336101"}],"wp:term":[{"taxonomy":"product_brand","embeddable":true,"href":"https:\/\/digibit.ee\/en\/wp-json\/wp\/v2\/product_brand?post=1336101"},{"taxonomy":"product_cat","embeddable":true,"href":"https:\/\/digibit.ee\/en\/wp-json\/wp\/v2\/product_cat?post=1336101"},{"taxonomy":"product_tag","embeddable":true,"href":"https:\/\/digibit.ee\/en\/wp-json\/wp\/v2\/product_tag?post=1336101"}],"curies":[{"name":"wp","href":"https:\/\/api.w.org\/{rel}","templated":true}]}}