{"id":1332403,"date":"2026-02-16T11:20:42","date_gmt":"2026-02-16T09:20:42","guid":{"rendered":"https:\/\/digibit.ee\/tooted\/maaratlemata\/jbl-endurance-run-3-langalliset-urheilukuulokkeet-musta-harmaa\/"},"modified":"2026-04-01T15:45:18","modified_gmt":"2026-04-01T12:45:18","slug":"jbl-endurance-run-3-langalliset-urheilukuulokkeet-musta-harmaa","status":"publish","type":"product","link":"https:\/\/digibit.ee\/en\/product\/jbl-endurance-run-3-langalliset-urheilukuulokkeet-musta-harmaa\/","title":{"rendered":"JBL Endurance Run 3 Wired Sports Earphones Black\/Grey"},"content":{"rendered":"<h3><b>JBL Endurance Run 3 headphones are designed for intense workouts in any weather<\/b><\/h3>\n<p>Results matter, and with the perfect headphones, you can fully focus on your training. To optimize comfort, the headphones can be converted between earbud and over-ear styles thanks to the FlipHook design.<\/p>\n<p>The combination of soft ear tips and TwistLock technology ensures the headphones stay securely in your ears without causing pain or falling out. And if you thought a little rain would ruin your Endurance Run 3 headphones, think again. With an IP65 dust and water resistance rating, the JBL Endurance Run 3 headphones stay with you every step of the way, and the integrated remote microphone means you don\u2019t have to dig through your pockets to answer calls.<\/p>\n<p>Magnetic earbuds keep your JBL Endurance Run 3 headphones conveniently around your neck when not in use. Enjoy your workout!<\/p>\n<h3><b>Features:<\/b><\/h3>\n<ul>\n<li>FlipHook technology allows for both earbud and over-ear use<\/li>\n<li>Never hurts your ears. Never falls out mid-workout.<\/li>\n<li>TwistLock technology ensures they stay put even during the toughest workouts<\/li>\n<li>Lightweight and ergonomic<\/li>\n<li>IP65-rated dust and water resistant<\/li>\n<li>Designed to withstand the toughest indoor and outdoor workouts in any weather<\/li>\n<li>JBL Pure Bass sound<\/li>\n<li>Hands-free calls<\/li>\n<li>Magnetic earbuds simplify cable management when headphones are not in use<\/li>\n<li>8 mm dynamic driver<\/li>\n<li>Dynamic frequency response: 20 Hz \u2013 20 kHz<\/li>\n<li>Includes 3 pairs of differently sized ear tips<\/li>\n<li>Weight (g): 16.8 g<\/li>\n<\/ul>\n","protected":false},"excerpt":{"rendered":"<ul>\n<li>Langalliset urheilukuulokkeet<\/li>\n<li>Suunniteltu kest\u00e4m\u00e4\u00e4n raskaimmatkin sis\u00e4- ja ulkotreenit<\/li>\n<li>IP65-luokitus<\/li>\n<li>FlipHook mahdollistaa tulppa- tai sankak\u00e4yt\u00f6n<\/li>\n<li>Twistlock-tekniikka pit\u00e4\u00e4 kuulokkeet paikoillaan<\/li>\n<\/ul>\n","protected":false},"featured_media":999999999,"template":"","meta":{"_acf_changed":false},"product_brand":[],"product_cat":[16730,16731,16739,17479],"product_tag":[],"class_list":{"0":"post-1332403","1":"product","2":"type-product","3":"status-publish","4":"has-post-thumbnail","6":"product_cat-audio-ja-hifi","7":"product_cat-korvaklapid","8":"product_cat-nappikuulokkeet","9":"product_cat-urheiluun","11":"first","12":"instock","13":"taxable","14":"shipping-taxable","15":"purchasable","16":"product-type-simple"},"acf":[],"_links":{"self":[{"href":"https:\/\/digibit.ee\/en\/wp-json\/wp\/v2\/product\/1332403","targetHints":{"allow":["GET"]}}],"collection":[{"href":"https:\/\/digibit.ee\/en\/wp-json\/wp\/v2\/product"}],"about":[{"href":"https:\/\/digibit.ee\/en\/wp-json\/wp\/v2\/types\/product"}],"wp:featuredmedia":[{"embeddable":true,"href":"https:\/\/digibit.ee\/en\/wp-json\/"}],"wp:attachment":[{"href":"https:\/\/digibit.ee\/en\/wp-json\/wp\/v2\/media?parent=1332403"}],"wp:term":[{"taxonomy":"product_brand","embeddable":true,"href":"https:\/\/digibit.ee\/en\/wp-json\/wp\/v2\/product_brand?post=1332403"},{"taxonomy":"product_cat","embeddable":true,"href":"https:\/\/digibit.ee\/en\/wp-json\/wp\/v2\/product_cat?post=1332403"},{"taxonomy":"product_tag","embeddable":true,"href":"https:\/\/digibit.ee\/en\/wp-json\/wp\/v2\/product_tag?post=1332403"}],"curies":[{"name":"wp","href":"https:\/\/api.w.org\/{rel}","templated":true}]}}