{"id":1320484,"date":"2026-02-16T11:02:50","date_gmt":"2026-02-16T09:02:50","guid":{"rendered":"https:\/\/digibit.ee\/tooted\/maaratlemata\/le-creuset-signature-pyorea-valurautapata-22-cm-azure-blue\/"},"modified":"2026-04-10T18:27:29","modified_gmt":"2026-04-10T15:27:29","slug":"le-creuset-signature-pyorea-valurautapata-22-cm-azure-blue","status":"publish","type":"product","link":"https:\/\/digibit.ee\/en\/product\/le-creuset-signature-pyorea-valurautapata-22-cm-azure-blue\/","title":{"rendered":"Le Creuset Signature round cast iron pot, 22 cm, Azure Blue"},"content":{"rendered":"<p>Le Creuset 21177242202430. Voimakkuus: 4,2 L, Tuotteen v\u00e4ri: Sininen, Materiaali: valurauta. Halkaisija: 24 cm, Tuotteen leveys: 252 mm, Tuotteen syvyys: 103 mm. Lukum\u00e4\u00e4r\u00e4 per pakkaus: 1 kpl<\/p>\n","protected":false},"excerpt":{"rendered":"<ul>\n<li>Volume 4.2 l<\/li>\n<li>For versatile use<\/li>\n<li>The lightest on the market<\/li>\n<li>Handmade<\/li>\n<li>Lifetime warranty<\/li>\n<\/ul>\n","protected":false},"featured_media":999999999,"template":"","meta":{"_acf_changed":false},"product_brand":[],"product_cat":[16869,16836,17154],"product_tag":[],"class_list":{"0":"post-1320484","1":"product","2":"type-product","3":"status-publish","4":"has-post-thumbnail","6":"product_cat-kodu-ja-valgustus","7":"product_cat-koogitarbed","8":"product_cat-padat-ja-uunivuoat","10":"first","11":"onbackorder","12":"taxable","13":"shipping-taxable","14":"purchasable","15":"product-type-simple"},"acf":[],"_links":{"self":[{"href":"https:\/\/digibit.ee\/en\/wp-json\/wp\/v2\/product\/1320484","targetHints":{"allow":["GET"]}}],"collection":[{"href":"https:\/\/digibit.ee\/en\/wp-json\/wp\/v2\/product"}],"about":[{"href":"https:\/\/digibit.ee\/en\/wp-json\/wp\/v2\/types\/product"}],"wp:featuredmedia":[{"embeddable":true,"href":"https:\/\/digibit.ee\/en\/wp-json\/"}],"wp:attachment":[{"href":"https:\/\/digibit.ee\/en\/wp-json\/wp\/v2\/media?parent=1320484"}],"wp:term":[{"taxonomy":"product_brand","embeddable":true,"href":"https:\/\/digibit.ee\/en\/wp-json\/wp\/v2\/product_brand?post=1320484"},{"taxonomy":"product_cat","embeddable":true,"href":"https:\/\/digibit.ee\/en\/wp-json\/wp\/v2\/product_cat?post=1320484"},{"taxonomy":"product_tag","embeddable":true,"href":"https:\/\/digibit.ee\/en\/wp-json\/wp\/v2\/product_tag?post=1320484"}],"curies":[{"name":"wp","href":"https:\/\/api.w.org\/{rel}","templated":true}]}}