{"id":1318734,"date":"2026-02-16T11:00:14","date_gmt":"2026-02-16T09:00:14","guid":{"rendered":"https:\/\/digibit.ee\/tooted\/maaratlemata\/garmin-fenix-8-pro-urheilukello-51-mm-titaani\/"},"modified":"2026-04-10T18:26:01","modified_gmt":"2026-04-10T15:26:01","slug":"garmin-fenix-8-pro-urheilukello-51-mm-titaani","status":"publish","type":"product","link":"https:\/\/digibit.ee\/en\/product\/garmin-fenix-8-pro-urheilukello-51-mm-titaani\/","title":{"rendered":"Garmin fenix 8 Pro Sports Watch, 51 mm, Titanium"},"content":{"rendered":"<p>The Garmin f\u0113nix\u00ae 8 Pro GPS multisport smartwatch is a revolutionary product for runners, climbers, water sports enthusiasts, and others who find it difficult to stay connected when carrying a phone is inconvenient. This is the first Garmin smartwatch with built-in inReach\u00ae technology\u00b9 for satellite and LTE connectivity. Leave your phone behind and use voice calls and LiveTrack\u2122 location sharing while connected to an LTE network. You can also send two-way messages and use interactive SOS messaging while outdoors via LTE or satellite link \u2013 and in emergencies, you can access SOS support from the always-available Garmin Response coordination center.<\/p>\n<p>This rugged watch combines all the advanced features of the f\u0113nix 8 series for fitness\/strength training, health monitoring, maps, round-trip routing, and other key functions, plus a full range of sport-specific workouts. The premium touchscreen models feature a bright 1.4\u2033 (35.56 mm) AMOLED display, titanium bezel, sapphire crystal, and a powerful built-in LED flashlight. Its battery life lasts up to 27 days in smartwatch mode, it has a 40-meter dive rating, music storage, and much more.<\/p>\n<h3 class=\"\">Features:<\/h3>\n<ul>\n<li>GPS multisport smartwatch with built-in inReach\u00ae technology\u00b9 for two-way satellite and LTE connectivity <\/li>\n<li>Durable watch featuring a bright 1.4\u2033 (35.56 mm) AMOLED touchscreen, titanium bezel, sapphire crystal, and other premium materials <\/li>\n<li>In emergencies, send interactive SOS messages via inReach\u00ae satellite technology\u00b9 to the Garmin Response\u2120 coordination center, available 24\/7 for assistance<\/li>\n<li>With LTE network connectivity, leave your phone behind; send and receive messages and make voice calls on the watch, plus let friends track you with LiveTrack\u2122 location sharing (30-second update interval) and send location alerts using the Garmin Messenger\u2122 app on the device.<\/li>\n<li>With inReach\u00ae technology\u00b9, send messages and receive location alerts via satellite when exploring outside cellular coverage <\/li>\n<li>Navigate with preloaded TopoActive maps and their elevation shading. Also includes internal maps for golf courses and ski resorts <\/li>\n<li>Extensive training features, performance metrics, and training programs for athletes and multisport enthusiasts <\/li>\n<li>Includes health and wellness monitoring, wrist-based heart rate, advanced sleep tracking, heart rate variability status, ECG app, and pulse oximeter <\/li>\n<li>Built-in LED flashlight conveniently illuminates when needed, for example during trail running at dusk or moving around at home at night <\/li>\n<li>Supports device and apnea diving activities, 40-meter dive rating, and leak-proof metal buttons let you dive into adventures in a whole new way <\/li>\n<li>Enjoy comfort and connectivity around the clock with smart notifications (when paired with a smartphone), music storage, and Garmin Pay\u2122 contactless payment (supported banks and payment networks) <\/li>\n<li>The f\u0113nix\u00ae 8 Pro watch meets MIL-STD 810 standards for thermal and shock resistance, protecting key sensors from damage and wear during the toughest adventures <\/li>\n<li>Battery life up to 27 days in smartwatch mode and 78 hours in GPS mode. <\/li>\n<\/ul>\n<h3>Technical Specifications<\/h3>\n<ul>\n<li>AMOLED touchscreen<\/li>\n<li>Band material: Silicone<\/li>\n<li>Lens material: Sapphire crystal<\/li>\n<li>Bezel material: Titanium<\/li>\n<li>Case material: Fiber-reinforced polymer with titanium rear cover<\/li>\n<li>Compatible with QuickFit\u2122 watch bands (26 mm)<\/li>\n<li>Case size (L \u00d7 W \u00d7 H): 51 \u00d7 51 \u00d7 16.5 mm<\/li>\n<li>Weight: 90 g (watch only: 65 g)<\/li>\n<li>Internal speaker\/microphone: Yes<\/li>\n<li>Display size: Diameter 35.56 mm (1.4\u201d)<\/li>\n<li>Display resolution: 454 \u00d7 454 pixels<\/li>\n<li>Battery type: Lithium-ion<\/li>\n<li>Battery life:\n<ul>\n<li>Smartwatch: up to 27 days (15 days always on)<\/li>\n<li>Watch battery saver mode: up to 34 days<\/li>\n<li>GPS only: up to 78 hours (56 hours always on)<\/li>\n<li>All satellite systems: up to 60 hours (47 hours always on)<\/li>\n<li>All satellite systems + multi-band: up to 53 hours (41 hours always on)<\/li>\n<li>+ LTE LiveTrack: up to 21 hours (19 hours always on)<\/li>\n<li>+ music: up to 23 hours (21 hours always on)<\/li>\n<li>+ music + LTE LiveTrack: up to 15 hours (14 hours always on)<\/li>\n<li>Maximum battery life in GPS mode: up to 123 hours<\/li>\n<li>GPS battery saver mode: up to 24 days<\/li>\n<\/ul>\n<\/li>\n<li>Charging method: Garmin proprietary charger<\/li>\n<li>Memory\/history: 32 GB<\/li>\n<li>Connectivity: LTE and inReach satellite connection\u00b9 (subscription required), Bluetooth, ANT+, and Wi-Fi<\/li>\n<li>Water resistance: 10 ATM<\/li>\n<\/ul>\n<p>\u00b9Coverage is limited or unavailable in Finland. Requires an active subscription; LTE and satellite connections are not available in all countries. Coverage may vary by region, and buildings, trees, and weather conditions may affect it. Check available services in your area or travel destination at Garmin.com\/fenix8procoverage. Use of satellite communication devices is regulated or prohibited in some jurisdictions. It is the user\u2019s responsibility to know and comply with applicable laws in the device\u2019s usage areas.<\/p>\n<ul><\/ul>\n","protected":false},"excerpt":{"rendered":"<ul>\n<li>Advanced training functions<\/li>\n<li>Well-being monitoring 24\/7<\/li>\n<li>Smartwatch functions, Garmin Pay<\/li>\n<li>Maps and outdoor activities<\/li>\n<li>Comprehensive connectivity features<\/li>\n<\/ul>\n","protected":false},"featured_media":999999999,"template":"","meta":{"_acf_changed":false},"product_brand":[],"product_cat":[16842,18475,18118],"product_tag":[],"class_list":{"0":"post-1318734","1":"product","2":"type-product","3":"status-publish","4":"has-post-thumbnail","6":"product_cat-kellad","7":"product_cat-multisport","8":"product_cat-spordikellad","10":"first","11":"instock","12":"taxable","13":"shipping-taxable","14":"purchasable","15":"product-type-simple"},"acf":[],"_links":{"self":[{"href":"https:\/\/digibit.ee\/en\/wp-json\/wp\/v2\/product\/1318734","targetHints":{"allow":["GET"]}}],"collection":[{"href":"https:\/\/digibit.ee\/en\/wp-json\/wp\/v2\/product"}],"about":[{"href":"https:\/\/digibit.ee\/en\/wp-json\/wp\/v2\/types\/product"}],"wp:featuredmedia":[{"embeddable":true,"href":"https:\/\/digibit.ee\/en\/wp-json\/"}],"wp:attachment":[{"href":"https:\/\/digibit.ee\/en\/wp-json\/wp\/v2\/media?parent=1318734"}],"wp:term":[{"taxonomy":"product_brand","embeddable":true,"href":"https:\/\/digibit.ee\/en\/wp-json\/wp\/v2\/product_brand?post=1318734"},{"taxonomy":"product_cat","embeddable":true,"href":"https:\/\/digibit.ee\/en\/wp-json\/wp\/v2\/product_cat?post=1318734"},{"taxonomy":"product_tag","embeddable":true,"href":"https:\/\/digibit.ee\/en\/wp-json\/wp\/v2\/product_tag?post=1318734"}],"curies":[{"name":"wp","href":"https:\/\/api.w.org\/{rel}","templated":true}]}}