{"id":1318733,"date":"2026-02-16T11:00:14","date_gmt":"2026-02-16T09:00:14","guid":{"rendered":"https:\/\/digibit.ee\/tooted\/maaratlemata\/garmin-fenix-8-pro-urheilukello-47-mm-titaani\/"},"modified":"2026-04-10T18:26:01","modified_gmt":"2026-04-10T15:26:01","slug":"garmin-fenix-8-pro-urheilukello-47-mm-titaani","status":"publish","type":"product","link":"https:\/\/digibit.ee\/en\/product\/garmin-fenix-8-pro-urheilukello-47-mm-titaani\/","title":{"rendered":"Garmin Fenix 8 Pro Sports Watch, 47 mm, Titanium"},"content":{"rendered":"<p>The Garmin f\u0113nix\u00ae 8 Pro GPS multisport smartwatch is a revolutionary product for runners, climbers, water sports enthusiasts, and others for whom communication is difficult when carrying a phone conveniently is not possible. This is the first Garmin smartwatch with built-in inReach\u00ae technology\u00b9 for satellite and LTE connectivity. Leave your phone behind and use voice calls and LiveTrack\u2122 location sharing while connected to an LTE network. You can also use two-way messaging and interactive SOS messaging outdoors via LTE or satellite link \u2013 and in emergencies, you can access SOS support from the always-open Garmin Response coordination center.<\/p>\n<p>The rugged watch combines all the advanced features of the f\u0113nix 8 watch series for fitness\/strength training, health monitoring, maps, round-trip routing, and other key functions, plus a full range of sport-specific workouts. The premium touchscreen models feature a bright 1.4\u2033 (35.56 mm) AMOLED display, titanium bezel, sapphire crystal, and a powerful built-in LED flashlight. Its battery life lasts up to 15 days in smartwatch mode, it has a 40-meter dive rating, music storage, and much more.<\/p>\n<h3 class=\"\">Features:<\/h3>\n<ul>\n<li>GPS multisport smartwatch with built-in inReach\u00ae technology\u00b9 for two-way satellite and LTE connectivity <\/li>\n<li>The durable watch features a bright 1.4\u2033 (35.56 mm) AMOLED touchscreen, titanium bezel, sapphire crystal, and other premium materials <\/li>\n<li>In emergencies, you can send an interactive SOS message to the Garmin Response\u2120 coordination center 24\/7 thanks to inReach\u00ae satellite technology\u00b9<\/li>\n<li>With LTE network connectivity, you can leave your phone behind; send and receive messages and make voice calls on the smartwatch, plus let friends track your activities with LiveTrack\u2122 location sharing (30-second update interval) and send location alerts via the Garmin Messenger\u2122 app on the device.<\/li>\n<li>With inReach\u00ae technology\u00b9, you can send messages and receive location alerts via satellite when adventuring outside mobile network coverage <\/li>\n<li>Navigate with preloaded TopoActive maps and their elevation shading. Also included are internal maps for golf courses and ski resorts <\/li>\n<li>Extensive training features, performance metrics, and training plans for athletes and multisport enthusiasts <\/li>\n<li>Includes health and wellness monitoring, wrist-based heart rate, advanced sleep tracking, heart rate variability status, ECG app, and pulse oximeter <\/li>\n<li>The built-in LED flashlight conveniently illuminates when needed, such as when trail running at dusk or moving around the house at night <\/li>\n<li>Support for device and apnea diving activities, 40-meter dive rating, and leak-proof metal buttons let you dive into adventures in a whole new way <\/li>\n<li>Enjoy all-day comfort and connectivity with smart notifications (paired with a smartphone), music storage, and Garmin Pay\u2122 contactless payments (supported banks and payment networks) <\/li>\n<li>The f\u0113nix\u00ae 8 Pro watch meets MIL-STD 810 standards for thermal and shock resistance, protecting key sensors from damage and wear during the toughest adventures <\/li>\n<li>Battery life up to 15 days in smartwatch mode and 44 hours in GPS mode. <\/li>\n<\/ul>\n<h3>Technical Specifications<\/h3>\n<ul>\n<li>AMOLED touchscreen<\/li>\n<li>Band material: Silicone<\/li>\n<li>Lens material: Sapphire crystal<\/li>\n<li>Bezel material: Titanium<\/li>\n<li>Case material: Fiber-reinforced polymer and titanium back cover<\/li>\n<li>Compatible with QuickFit\u2122 watch bands (22 mm)<\/li>\n<li>Case size (L \u00d7 W \u00d7 H): 47 \u00d7 47 \u00d7 16 mm<\/li>\n<li>Weight: 77 g (body only: 56 g)<\/li>\n<li>Built-in speaker\/microphone: Yes<\/li>\n<li>Display size: Diameter 35.56 mm (1.4\u201d)<\/li>\n<li>Display resolution: 454 \u00d7 454 pixels<\/li>\n<li>Battery type: Lithium-ion<\/li>\n<li>Battery life:\n<ul>\n<li>Smartwatch: up to 15 days (8 days always on)<\/li>\n<li>Watch battery saver mode: up to 19 days<\/li>\n<li>GPS only: up to 44 hours (33 hours always on)<\/li>\n<li>All satellite systems: up to 34 hours (26 hours always on)<\/li>\n<li>All satellite systems + multi-band: up to 30 hours (23 hours always on)<\/li>\n<li>Maximum battery life in GPS mode: up to 70 hours<\/li>\n<li>GPS battery saver mode: up to 14 days<\/li>\n<\/ul>\n<\/li>\n<li>Charging method: Garmin pin charger<\/li>\n<li>Memory\/history: 32 GB<\/li>\n<li>Connectivity: LTE and inReach satellite connection\u00b9 (subscription required), Bluetooth, ANT+, and Wi-Fi<\/li>\n<li>Water resistance: 10 ATM<\/li>\n<\/ul>\n<p>\u00b9Coverage is limited or unavailable in Finland. Requires active subscription; LTE and satellite connections are not available in all countries. Coverage may vary by region, and buildings, trees, and weather conditions can affect it. Check available services in your area or travel destination at Garmin.com\/fenix8procoverage. Use of satellite communication devices is regulated or prohibited in some jurisdictions. It is the user&#8217;s responsibility to know and comply with applicable laws in the device&#8217;s usage areas.<\/p>\n<ul><\/ul>\n","protected":false},"excerpt":{"rendered":"<ul>\n<li>Advanced training functions<\/li>\n<li>Well-being monitoring 24\/7<\/li>\n<li>Smartwatch features, Garmin Pay<\/li>\n<li>Maps and outdoor activities<\/li>\n<li>Comprehensive connectivity features<\/li>\n<\/ul>\n","protected":false},"featured_media":999999999,"template":"","meta":{"_acf_changed":false},"product_brand":[],"product_cat":[16842,18475,18118],"product_tag":[],"class_list":{"0":"post-1318733","1":"product","2":"type-product","3":"status-publish","4":"has-post-thumbnail","6":"product_cat-kellad","7":"product_cat-multisport","8":"product_cat-spordikellad","10":"first","11":"instock","12":"taxable","13":"shipping-taxable","14":"purchasable","15":"product-type-simple"},"acf":[],"_links":{"self":[{"href":"https:\/\/digibit.ee\/en\/wp-json\/wp\/v2\/product\/1318733","targetHints":{"allow":["GET"]}}],"collection":[{"href":"https:\/\/digibit.ee\/en\/wp-json\/wp\/v2\/product"}],"about":[{"href":"https:\/\/digibit.ee\/en\/wp-json\/wp\/v2\/types\/product"}],"wp:featuredmedia":[{"embeddable":true,"href":"https:\/\/digibit.ee\/en\/wp-json\/"}],"wp:attachment":[{"href":"https:\/\/digibit.ee\/en\/wp-json\/wp\/v2\/media?parent=1318733"}],"wp:term":[{"taxonomy":"product_brand","embeddable":true,"href":"https:\/\/digibit.ee\/en\/wp-json\/wp\/v2\/product_brand?post=1318733"},{"taxonomy":"product_cat","embeddable":true,"href":"https:\/\/digibit.ee\/en\/wp-json\/wp\/v2\/product_cat?post=1318733"},{"taxonomy":"product_tag","embeddable":true,"href":"https:\/\/digibit.ee\/en\/wp-json\/wp\/v2\/product_tag?post=1318733"}],"curies":[{"name":"wp","href":"https:\/\/api.w.org\/{rel}","templated":true}]}}