{"id":1318264,"date":"2026-02-16T10:59:32","date_gmt":"2026-02-16T08:59:32","guid":{"rendered":"https:\/\/digibit.ee\/tooted\/maaratlemata\/samsung-galaxy-watch-latauskaapeli-musta\/"},"modified":"2026-04-10T18:25:37","modified_gmt":"2026-04-10T15:25:37","slug":"samsung-galaxy-watch-latauskaapeli-musta","status":"publish","type":"product","link":"https:\/\/digibit.ee\/en\/product\/samsung-galaxy-watch-latauskaapeli-musta\/","title":{"rendered":"Samsung Galaxy Watch charging cable, black"},"content":{"rendered":"<p>Samsung EP-OL300. Laturin tyyppi: Sis\u00e4tila, Virtal\u00e4hteen malli: USB, Laturin yhteensopivuus: \u00c4lykello. Tuloj\u00e4nnite: 5 V, Ulostulon j\u00e4nnite (max.): 5 V. Langaton lataaminen, Pikalataus. Johdon pituus: 0,8 m, Tuotteen v\u00e4ri: musta<\/p>\n","protected":false},"excerpt":{"rendered":"<ul>\n<li>For Galaxy Watch watches<\/li>\n<li>Magnetic attachment<\/li>\n<li>USB-C<\/li>\n<\/ul>\n","protected":false},"featured_media":999999999,"template":"","meta":{"_acf_changed":false},"product_brand":[],"product_cat":[16842,16843,17695,18080],"product_tag":[],"class_list":{"0":"post-1318264","1":"product","2":"type-product","3":"status-publish","4":"has-post-thumbnail","6":"product_cat-kellad","7":"product_cat-kellatarbed","8":"product_cat-lataus","9":"product_cat-samsung","11":"first","12":"instock","13":"taxable","14":"shipping-taxable","15":"purchasable","16":"product-type-simple"},"acf":[],"_links":{"self":[{"href":"https:\/\/digibit.ee\/en\/wp-json\/wp\/v2\/product\/1318264","targetHints":{"allow":["GET"]}}],"collection":[{"href":"https:\/\/digibit.ee\/en\/wp-json\/wp\/v2\/product"}],"about":[{"href":"https:\/\/digibit.ee\/en\/wp-json\/wp\/v2\/types\/product"}],"wp:featuredmedia":[{"embeddable":true,"href":"https:\/\/digibit.ee\/en\/wp-json\/"}],"wp:attachment":[{"href":"https:\/\/digibit.ee\/en\/wp-json\/wp\/v2\/media?parent=1318264"}],"wp:term":[{"taxonomy":"product_brand","embeddable":true,"href":"https:\/\/digibit.ee\/en\/wp-json\/wp\/v2\/product_brand?post=1318264"},{"taxonomy":"product_cat","embeddable":true,"href":"https:\/\/digibit.ee\/en\/wp-json\/wp\/v2\/product_cat?post=1318264"},{"taxonomy":"product_tag","embeddable":true,"href":"https:\/\/digibit.ee\/en\/wp-json\/wp\/v2\/product_tag?post=1318264"}],"curies":[{"name":"wp","href":"https:\/\/api.w.org\/{rel}","templated":true}]}}