{"id":1318229,"date":"2026-02-16T10:59:29","date_gmt":"2026-02-16T08:59:29","guid":{"rendered":"https:\/\/digibit.ee\/tooted\/maaratlemata\/aeg-electroluxm3ocd301-steam-care-kalkinpoistoaine-hoyryuuneille\/"},"modified":"2026-04-11T18:25:46","modified_gmt":"2026-04-11T15:25:46","slug":"aeg-electroluxm3ocd301-steam-care-kalkinpoistoaine-hoyryuuneille","status":"publish","type":"product","link":"https:\/\/digibit.ee\/en\/product\/aeg-electroluxm3ocd301-steam-care-kalkinpoistoaine-hoyryuuneille\/","title":{"rendered":"AEG \/ ElectroluxM3OCD301 Steam Care &#8211; descaler for steam ovens"},"content":{"rendered":"<p>Electrolux M3OCD301. Lukum\u00e4\u00e4r\u00e4 per pakkaus: 1 kpl. Pakkauksen leveys: 65 mm, Pakkauksen syvyys: 65 mm, Pakkauksen korkeus: 145 mm. Tuotteen leveys: 86 mm, Tuotteen syvyys: 44 mm, Tuotteen korkeus: 162 mm. Vaarakuvake(-kuvakkeet): GHS05: Sy\u00f6vytt\u00e4v\u00e4, Merkkisana: Vaara, Terveyshaittalauseke(-lausekkeet): H314: Voimakkaasti ihoa sy\u00f6vytt\u00e4v\u00e4\u00e4 ja silmi\u00e4 vaurioittavaa, H318: vaurioittaa vakavasti silmi\u00e4<\/p>\n","protected":false},"excerpt":{"rendered":"<ul>\n<li>Easy and precise dosing as a ready-to-use liquid<\/li>\n<li>The bottle is conveniently suited for storage and use.<\/li>\n<\/ul>\n","protected":false},"featured_media":999999999,"template":"","meta":{"_acf_changed":false},"product_brand":[],"product_cat":[16967,16968,18096],"product_tag":[],"class_list":{"0":"post-1318229","1":"product","2":"type-product","3":"status-publish","4":"has-post-thumbnail","6":"product_cat-kodumasinad","7":"product_cat-kodumasinate-tarvikud","8":"product_cat-liesituulettimien-tarvikkeet","10":"first","11":"instock","12":"taxable","13":"shipping-taxable","14":"purchasable","15":"product-type-simple"},"acf":[],"_links":{"self":[{"href":"https:\/\/digibit.ee\/en\/wp-json\/wp\/v2\/product\/1318229","targetHints":{"allow":["GET"]}}],"collection":[{"href":"https:\/\/digibit.ee\/en\/wp-json\/wp\/v2\/product"}],"about":[{"href":"https:\/\/digibit.ee\/en\/wp-json\/wp\/v2\/types\/product"}],"wp:featuredmedia":[{"embeddable":true,"href":"https:\/\/digibit.ee\/en\/wp-json\/"}],"wp:attachment":[{"href":"https:\/\/digibit.ee\/en\/wp-json\/wp\/v2\/media?parent=1318229"}],"wp:term":[{"taxonomy":"product_brand","embeddable":true,"href":"https:\/\/digibit.ee\/en\/wp-json\/wp\/v2\/product_brand?post=1318229"},{"taxonomy":"product_cat","embeddable":true,"href":"https:\/\/digibit.ee\/en\/wp-json\/wp\/v2\/product_cat?post=1318229"},{"taxonomy":"product_tag","embeddable":true,"href":"https:\/\/digibit.ee\/en\/wp-json\/wp\/v2\/product_tag?post=1318229"}],"curies":[{"name":"wp","href":"https:\/\/api.w.org\/{rel}","templated":true}]}}