{"id":1318214,"date":"2026-02-16T10:59:27","date_gmt":"2026-02-16T08:59:27","guid":{"rendered":"https:\/\/digibit.ee\/tooted\/maaratlemata\/aeg-electrolux-ecfb02st-aktiivihiilisuodatin\/"},"modified":"2026-04-21T09:21:10","modified_gmt":"2026-04-21T06:21:10","slug":"aeg-electrolux-ecfb02st-aktiivihiilisuodatin","status":"publish","type":"product","link":"https:\/\/digibit.ee\/en\/product\/aeg-electrolux-ecfb02st-aktiivihiilisuodatin\/","title":{"rendered":"AEG \/ Electrolux ECFB02ST activated carbon filter"},"content":{"rendered":"<p>AEG ECFB02ST. Malli: Hajusuodatin, Tuotteen v\u00e4ri: musta. Tuotteen leveys: 190 mm, Tuotteen syvyys: 40 mm, Tuotteen korkeus: 190 mm. Lukum\u00e4\u00e4r\u00e4 per pakkaus: 1 kpl<\/p>\n","protected":false},"excerpt":{"rendered":"<ul>\n<li>Compatible with multiple range hoods<\/li>\n<li>Effectively removes unpleasant kitchen odors<\/li>\n<li>Easy and quick filter replacement<\/li>\n<li>Lightweight and compact design for easy installation<\/li>\n<li>Includes 2 round additional filters in the package<\/li>\n<\/ul>\n","protected":false},"featured_media":999999999,"template":"","meta":{"_acf_changed":false},"product_brand":[],"product_cat":[16967],"product_tag":[],"class_list":{"0":"post-1318214","1":"product","2":"type-product","3":"status-publish","4":"has-post-thumbnail","6":"product_cat-kodumasinad","8":"first","9":"instock","10":"taxable","11":"shipping-taxable","12":"purchasable","13":"product-type-simple"},"acf":[],"_links":{"self":[{"href":"https:\/\/digibit.ee\/en\/wp-json\/wp\/v2\/product\/1318214","targetHints":{"allow":["GET"]}}],"collection":[{"href":"https:\/\/digibit.ee\/en\/wp-json\/wp\/v2\/product"}],"about":[{"href":"https:\/\/digibit.ee\/en\/wp-json\/wp\/v2\/types\/product"}],"wp:featuredmedia":[{"embeddable":true,"href":"https:\/\/digibit.ee\/en\/wp-json\/"}],"wp:attachment":[{"href":"https:\/\/digibit.ee\/en\/wp-json\/wp\/v2\/media?parent=1318214"}],"wp:term":[{"taxonomy":"product_brand","embeddable":true,"href":"https:\/\/digibit.ee\/en\/wp-json\/wp\/v2\/product_brand?post=1318214"},{"taxonomy":"product_cat","embeddable":true,"href":"https:\/\/digibit.ee\/en\/wp-json\/wp\/v2\/product_cat?post=1318214"},{"taxonomy":"product_tag","embeddable":true,"href":"https:\/\/digibit.ee\/en\/wp-json\/wp\/v2\/product_tag?post=1318214"}],"curies":[{"name":"wp","href":"https:\/\/api.w.org\/{rel}","templated":true}]}}