{"id":1318200,"date":"2026-02-16T10:59:26","date_gmt":"2026-02-16T08:59:26","guid":{"rendered":"https:\/\/digibit.ee\/tooted\/maaratlemata\/philips-43-pus8600-4k-qled-ambilight-tv\/"},"modified":"2026-04-12T09:21:38","modified_gmt":"2026-04-12T06:21:38","slug":"philips-43-pus8600-4k-qled-ambilight-tv","status":"publish","type":"product","link":"https:\/\/digibit.ee\/en\/product\/philips-43-pus8600-4k-qled-ambilight-tv\/","title":{"rendered":"Philips PUS8600 43-Inch 4K QLED Ambilight TV"},"content":{"rendered":"<p>Philips 43PUS8600\/12. N\u00e4yt\u00f6n halkaisija: 109,2 cm (43&#8243;), N\u00e4yt\u00f6n erottelutarkkuus: 3840 x 2160 pikseli\u00e4, HD-tyyppi: 4K Ultra HD, N\u00e4yt\u00f6n teknologia: QLED, N\u00e4yt\u00f6n muoto: Litte\u00e4. \u00c4lytelevisio. Vakiokuvasuhde: 16:9. Digitaalisignaalimuodon j\u00e4rjestelm\u00e4: DVB-C, DVB-S, DVB-S2, DVB-T, DVB-T2, DVB-T2 HD. Wi-Fi, Ethernet LAN. Tuotteen v\u00e4ri: musta<\/p>\n","protected":false},"excerpt":{"rendered":"<ul>\n<li>Ambilight and QLED panel<\/li>\n<li>Titan OS 2025 operating system<\/li>\n<li>60 Hz panel, 4K UHD<\/li>\n<li>P5 Perfect imaging system<\/li>\n<li>Bluetooth support and voice search<\/li>\n<\/ul>\n","protected":false},"featured_media":999999999,"template":"","meta":{"_acf_changed":false},"product_brand":[],"product_cat":[16741],"product_tag":[],"class_list":{"0":"post-1318200","1":"product","2":"type-product","3":"status-publish","4":"has-post-thumbnail","6":"product_cat-tv-ja-video","8":"first","9":"instock","10":"taxable","11":"shipping-taxable","12":"purchasable","13":"product-type-simple"},"acf":[],"_links":{"self":[{"href":"https:\/\/digibit.ee\/en\/wp-json\/wp\/v2\/product\/1318200","targetHints":{"allow":["GET"]}}],"collection":[{"href":"https:\/\/digibit.ee\/en\/wp-json\/wp\/v2\/product"}],"about":[{"href":"https:\/\/digibit.ee\/en\/wp-json\/wp\/v2\/types\/product"}],"wp:featuredmedia":[{"embeddable":true,"href":"https:\/\/digibit.ee\/en\/wp-json\/"}],"wp:attachment":[{"href":"https:\/\/digibit.ee\/en\/wp-json\/wp\/v2\/media?parent=1318200"}],"wp:term":[{"taxonomy":"product_brand","embeddable":true,"href":"https:\/\/digibit.ee\/en\/wp-json\/wp\/v2\/product_brand?post=1318200"},{"taxonomy":"product_cat","embeddable":true,"href":"https:\/\/digibit.ee\/en\/wp-json\/wp\/v2\/product_cat?post=1318200"},{"taxonomy":"product_tag","embeddable":true,"href":"https:\/\/digibit.ee\/en\/wp-json\/wp\/v2\/product_tag?post=1318200"}],"curies":[{"name":"wp","href":"https:\/\/api.w.org\/{rel}","templated":true}]}}