{"id":1318171,"date":"2026-02-16T10:59:24","date_gmt":"2026-02-16T08:59:24","guid":{"rendered":"https:\/\/digibit.ee\/tooted\/maaratlemata\/pipsa-possu-rohkitaan-ja-halataan-interaktiivinen-leikkisetti\/"},"modified":"2026-04-11T09:36:23","modified_gmt":"2026-04-11T06:36:23","slug":"pipsa-possu-rohkitaan-ja-halataan-interaktiivinen-leikkisetti","status":"publish","type":"product","link":"https:\/\/digibit.ee\/en\/product\/pipsa-possu-rohkitaan-ja-halataan-interaktiivinen-leikkisetti\/","title":{"rendered":"Pipsa Possu R\u00f6hkit\u00e4\u00e4n ja Halataan Interactive Playset"},"content":{"rendered":"<h3><b>Pipsa Possu now has a little sister, Evie!<\/b><\/h3>\n<p>Play your favorite scenes from the Peppa Pig series again with the interactive Evie doll, or let your imagination run wild. The Evie doll makes over 20 sounds that activate when you give her a bottle or pacifier, bounce her up and down, or lay her down for a nap.<\/p>\n<p>The set also includes a cute play mat, bib, and blanket, making caregiving play even more fun. Peppa Pig toys, like the interactive Evie doll, are great gift ideas for all Peppa Pig fans!<\/p>\n<h3><b>Features:<\/b><\/h3>\n<ul>\n<li>Peppa Pig\u2019s adorable little sister Evie<\/li>\n<li>Evie makes over 20 sounds<\/li>\n<li>Includes play mat, bib, and blanket<\/li>\n<li>Includes batteries: 2 x AAA<\/li>\n<li>Recommended age: 3 years and up<\/li>\n<\/ul>\n","protected":false},"excerpt":{"rendered":"<ul>\n<li>Evie, Peppa Pig&#039;s adorable little sister<\/li>\n<li>Evie can produce over 20 sounds<\/li>\n<li>Includes play mat, bib, and blanket<\/li>\n<li>Age recommendation: for ages 3 and up<\/li>\n<\/ul>\n","protected":false},"featured_media":999999999,"template":"","meta":{"_acf_changed":false},"product_brand":[],"product_cat":[17027],"product_tag":[],"class_list":{"0":"post-1318171","1":"product","2":"type-product","3":"status-publish","4":"has-post-thumbnail","6":"product_cat-manguasjad","8":"first","9":"instock","10":"taxable","11":"shipping-taxable","12":"purchasable","13":"product-type-simple"},"acf":[],"_links":{"self":[{"href":"https:\/\/digibit.ee\/en\/wp-json\/wp\/v2\/product\/1318171","targetHints":{"allow":["GET"]}}],"collection":[{"href":"https:\/\/digibit.ee\/en\/wp-json\/wp\/v2\/product"}],"about":[{"href":"https:\/\/digibit.ee\/en\/wp-json\/wp\/v2\/types\/product"}],"wp:featuredmedia":[{"embeddable":true,"href":"https:\/\/digibit.ee\/en\/wp-json\/"}],"wp:attachment":[{"href":"https:\/\/digibit.ee\/en\/wp-json\/wp\/v2\/media?parent=1318171"}],"wp:term":[{"taxonomy":"product_brand","embeddable":true,"href":"https:\/\/digibit.ee\/en\/wp-json\/wp\/v2\/product_brand?post=1318171"},{"taxonomy":"product_cat","embeddable":true,"href":"https:\/\/digibit.ee\/en\/wp-json\/wp\/v2\/product_cat?post=1318171"},{"taxonomy":"product_tag","embeddable":true,"href":"https:\/\/digibit.ee\/en\/wp-json\/wp\/v2\/product_tag?post=1318171"}],"curies":[{"name":"wp","href":"https:\/\/api.w.org\/{rel}","templated":true}]}}