{"id":1318156,"date":"2026-02-16T10:59:23","date_gmt":"2026-02-16T08:59:23","guid":{"rendered":"https:\/\/digibit.ee\/tooted\/maaratlemata\/monopoly-pokemon-lautapeli-fi-se\/"},"modified":"2026-04-11T09:36:23","modified_gmt":"2026-04-11T06:36:23","slug":"monopoly-pokemon-lautapeli-fi-se","status":"publish","type":"product","link":"https:\/\/digibit.ee\/en\/product\/monopoly-pokemon-lautapeli-fi-se\/","title":{"rendered":"Monopoly Pok\u00e9mon Board Game, FI \/ SE"},"content":{"rendered":"<h3><b>Compete in Catching Wild Pok\u00e9mon!<\/b><\/h3>\n<p>The Monopoly Pok\u00e9mon game combines the classic Monopoly with the exciting challenge of catching wild Pok\u00e9mon. You play as a Pok\u00e9mon Trainer exploring a vast world with your Pok\u00e9mon companion. In this fun, kid-friendly Monopoly, the game board features colorful locations, and Monopoly money is replaced with Pok\u00e9 Balls.<\/p>\n<p>Players explore locations, catch various wild Pok\u00e9mon for their collection board, and battle rival trainers for Pok\u00e9 Balls. You win the game if you are the first to fill your collection board with Pok\u00e9mon or if you are the last trainer with Pok\u00e9 Balls remaining!<\/p>\n<p>The Pok\u00e9mon version of Monopoly is an entertaining board game for family game nights and makes an excellent gift idea for any Pok\u00e9mon fan!<\/p>\n<h3><b>Features:<\/b><\/h3>\n<ul>\n<li>Fun Pok\u00e9mon Monopoly!<\/li>\n<li>Can you collect all the Pok\u00e9mon first?<\/li>\n<li>Monopoly money replaced with Pok\u00e9 Balls<\/li>\n<li>Number of players: 2 &#8211; 4<\/li>\n<li>Recommended age: 8 years and up<\/li>\n<\/ul>\n","protected":false},"excerpt":{"rendered":"<ul>\n<li>Fun Pok\u00e9mon Monopoly!<\/li>\n<li>Can you collect all the Pok\u00e9mon first?<\/li>\n<li>Monopoly money has been replaced with Pok\u00e9 Balls<\/li>\n<li>Number of players: 2 &#8211; 4<\/li>\n<li>Age recommendation: for ages 8 and up<\/li>\n<\/ul>\n","protected":false},"featured_media":999999999,"template":"","meta":{"_acf_changed":false},"product_brand":[],"product_cat":[17027],"product_tag":[],"class_list":{"0":"post-1318156","1":"product","2":"type-product","3":"status-publish","4":"has-post-thumbnail","6":"product_cat-manguasjad","8":"first","9":"onbackorder","10":"taxable","11":"shipping-taxable","12":"purchasable","13":"product-type-simple"},"acf":[],"_links":{"self":[{"href":"https:\/\/digibit.ee\/en\/wp-json\/wp\/v2\/product\/1318156","targetHints":{"allow":["GET"]}}],"collection":[{"href":"https:\/\/digibit.ee\/en\/wp-json\/wp\/v2\/product"}],"about":[{"href":"https:\/\/digibit.ee\/en\/wp-json\/wp\/v2\/types\/product"}],"wp:featuredmedia":[{"embeddable":true,"href":"https:\/\/digibit.ee\/en\/wp-json\/"}],"wp:attachment":[{"href":"https:\/\/digibit.ee\/en\/wp-json\/wp\/v2\/media?parent=1318156"}],"wp:term":[{"taxonomy":"product_brand","embeddable":true,"href":"https:\/\/digibit.ee\/en\/wp-json\/wp\/v2\/product_brand?post=1318156"},{"taxonomy":"product_cat","embeddable":true,"href":"https:\/\/digibit.ee\/en\/wp-json\/wp\/v2\/product_cat?post=1318156"},{"taxonomy":"product_tag","embeddable":true,"href":"https:\/\/digibit.ee\/en\/wp-json\/wp\/v2\/product_tag?post=1318156"}],"curies":[{"name":"wp","href":"https:\/\/api.w.org\/{rel}","templated":true}]}}