{"id":1318139,"date":"2026-02-16T10:59:21","date_gmt":"2026-02-16T08:59:21","guid":{"rendered":"https:\/\/digibit.ee\/tooted\/maaratlemata\/kaytetty-lenovo-thinkpad-p15-g2-156-kannettava-tietokone-tlp15g2mx32b\/"},"modified":"2026-04-12T09:21:35","modified_gmt":"2026-04-12T06:21:35","slug":"kaytetty-lenovo-thinkpad-p15-g2-156-kannettava-tietokone-tlp15g2mx32b","status":"publish","type":"product","link":"https:\/\/digibit.ee\/en\/product\/kaytetty-lenovo-thinkpad-p15-g2-156-kannettava-tietokone-tlp15g2mx32b\/","title":{"rendered":"Used Lenovo ThinkPad P15 G2 15.6&#8243; Laptop Computer (TLP15G2MX32B)"},"content":{"rendered":"<p>Teqcycle Lenovo ThinkPad P15 G2. Tuotetyyppi: Mobiility\u00f6asema, Kotelo: Simpukka. Suoritinperhe: Intel\u00ae Core\u2122 i7, Prosessorimalli: i7-11850H. N\u00e4yt\u00f6n halkaisija: 39,6 cm (15.6&#8243;), HD-tyyppi: Full HD. Sis\u00e4inen muisti: 32 GB, Sis\u00e4isen muistin tyyppi: DDR4-SDRAM. Kokonaistallennuskapasiteetti: 512 GB, Tallennusmedia: SSD. Sis\u00e4ltyv\u00e4n n\u00e4yt\u00f6nohjaimen malli: Intel\u00ae UHD Graphics, Erillisen n\u00e4yt\u00f6nohjaimen malli: NVIDIA T1200. K\u00e4ytt\u00f6j\u00e4rjestelm\u00e4 asennettu: Windows 11 Pro. Tuotteen v\u00e4ri: musta. Paino: 2,87 kg<\/p>\n","protected":false},"excerpt":{"rendered":"<ul>\n<li>Intel Core i7-11850H processor<\/li>\n<li>NVIDIA T1200 graphics card<\/li>\n<li>32 GB DDR4 \/ 512 GB SSD<\/li>\n<li>15.6&quot; FHD IPS display<\/li>\n<li>Windows 11 Pro<\/li>\n<\/ul>\n","protected":false},"featured_media":999999999,"template":"","meta":{"_acf_changed":false},"product_brand":[],"product_cat":[17135],"product_tag":[],"class_list":{"0":"post-1318139","1":"product","2":"type-product","3":"status-publish","4":"has-post-thumbnail","6":"product_cat-arvutid","8":"first","9":"onbackorder","10":"taxable","11":"shipping-taxable","12":"purchasable","13":"product-type-simple"},"acf":[],"_links":{"self":[{"href":"https:\/\/digibit.ee\/en\/wp-json\/wp\/v2\/product\/1318139","targetHints":{"allow":["GET"]}}],"collection":[{"href":"https:\/\/digibit.ee\/en\/wp-json\/wp\/v2\/product"}],"about":[{"href":"https:\/\/digibit.ee\/en\/wp-json\/wp\/v2\/types\/product"}],"wp:featuredmedia":[{"embeddable":true,"href":"https:\/\/digibit.ee\/en\/wp-json\/"}],"wp:attachment":[{"href":"https:\/\/digibit.ee\/en\/wp-json\/wp\/v2\/media?parent=1318139"}],"wp:term":[{"taxonomy":"product_brand","embeddable":true,"href":"https:\/\/digibit.ee\/en\/wp-json\/wp\/v2\/product_brand?post=1318139"},{"taxonomy":"product_cat","embeddable":true,"href":"https:\/\/digibit.ee\/en\/wp-json\/wp\/v2\/product_cat?post=1318139"},{"taxonomy":"product_tag","embeddable":true,"href":"https:\/\/digibit.ee\/en\/wp-json\/wp\/v2\/product_tag?post=1318139"}],"curies":[{"name":"wp","href":"https:\/\/api.w.org\/{rel}","templated":true}]}}