{"id":1318138,"date":"2026-02-16T10:59:21","date_gmt":"2026-02-16T08:59:21","guid":{"rendered":"https:\/\/digibit.ee\/tooted\/maaratlemata\/kaytetty-lenovo-thinkpad-t14s-g2-14-kannettava-tietokone-tlt14g2mx06p\/"},"modified":"2026-04-12T09:21:35","modified_gmt":"2026-04-12T06:21:35","slug":"kaytetty-lenovo-thinkpad-t14s-g2-14-kannettava-tietokone-tlt14g2mx06p","status":"publish","type":"product","link":"https:\/\/digibit.ee\/en\/product\/kaytetty-lenovo-thinkpad-t14s-g2-14-kannettava-tietokone-tlt14g2mx06p\/","title":{"rendered":"Used Lenovo ThinkPad T14S G2 14&#8243; Laptop Computer (TLT14G2MX06P)"},"content":{"rendered":"<p>Teqcycle Lenovo Thinkpad T14 G2. Tuotetyyppi: Kannettava tietokone, Kotelo: Simpukka. Suoritinperhe: Intel\u00ae Core\u2122 i5, Prosessorimalli: i5-1145G7. N\u00e4yt\u00f6n halkaisija: 35,6 cm (14&#8243;), HD-tyyppi: Full HD, N\u00e4yt\u00f6n erottelutarkkuus: 1920 x 1080 pikseli\u00e4. Sis\u00e4inen muisti: 16 GB, Sis\u00e4isen muistin tyyppi: DDR4-SDRAM. Kokonaistallennuskapasiteetti: 256 GB, Tallennusmedia: SSD. Sis\u00e4ltyv\u00e4n n\u00e4yt\u00f6nohjaimen malli: Intel Iris Xe Graphics. K\u00e4ytt\u00f6j\u00e4rjestelm\u00e4 asennettu: Windows 11 Pro. Tuotteen v\u00e4ri: musta. Paino: 1,53 kg<\/p>\n","protected":false},"excerpt":{"rendered":"<ul>\n<li>Intel Core i5-1145G7<\/li>\n<li>16 GB DDR4 \/ 256 GB SSD<\/li>\n<li>14&quot; Full HD IPS display<\/li>\n<li>Windows 11 Pro<\/li>\n<li>Versatile connections<\/li>\n<\/ul>\n","protected":false},"featured_media":999999999,"template":"","meta":{"_acf_changed":false},"product_brand":[],"product_cat":[17135],"product_tag":[],"class_list":{"0":"post-1318138","1":"product","2":"type-product","3":"status-publish","4":"has-post-thumbnail","6":"product_cat-arvutid","8":"first","9":"onbackorder","10":"taxable","11":"shipping-taxable","12":"purchasable","13":"product-type-simple"},"acf":[],"_links":{"self":[{"href":"https:\/\/digibit.ee\/en\/wp-json\/wp\/v2\/product\/1318138","targetHints":{"allow":["GET"]}}],"collection":[{"href":"https:\/\/digibit.ee\/en\/wp-json\/wp\/v2\/product"}],"about":[{"href":"https:\/\/digibit.ee\/en\/wp-json\/wp\/v2\/types\/product"}],"wp:featuredmedia":[{"embeddable":true,"href":"https:\/\/digibit.ee\/en\/wp-json\/"}],"wp:attachment":[{"href":"https:\/\/digibit.ee\/en\/wp-json\/wp\/v2\/media?parent=1318138"}],"wp:term":[{"taxonomy":"product_brand","embeddable":true,"href":"https:\/\/digibit.ee\/en\/wp-json\/wp\/v2\/product_brand?post=1318138"},{"taxonomy":"product_cat","embeddable":true,"href":"https:\/\/digibit.ee\/en\/wp-json\/wp\/v2\/product_cat?post=1318138"},{"taxonomy":"product_tag","embeddable":true,"href":"https:\/\/digibit.ee\/en\/wp-json\/wp\/v2\/product_tag?post=1318138"}],"curies":[{"name":"wp","href":"https:\/\/api.w.org\/{rel}","templated":true}]}}