{"id":1318137,"date":"2026-02-16T10:59:21","date_gmt":"2026-02-16T08:59:21","guid":{"rendered":"https:\/\/digibit.ee\/tooted\/maaratlemata\/kaytetty-lenovo-thinkpad-t14-g1-14-kannettava-tietokone-tlt14g1rmx08b\/"},"modified":"2026-04-12T09:21:35","modified_gmt":"2026-04-12T06:21:35","slug":"kaytetty-lenovo-thinkpad-t14-g1-14-kannettava-tietokone-tlt14g1rmx08b","status":"publish","type":"product","link":"https:\/\/digibit.ee\/en\/product\/kaytetty-lenovo-thinkpad-t14-g1-14-kannettava-tietokone-tlt14g1rmx08b\/","title":{"rendered":"Used Lenovo ThinkPad T14 G1 14&#8243; Laptop Computer (TLT14G1RMX08B)"},"content":{"rendered":"<p>Teqcycle Lenovo ThinkPad 14 G1 AMD. Tuotetyyppi: Kannettava tietokone, Kotelo: Simpukka. Suoritinperhe: AMD Ryzen\u2122 5 PRO, Prosessorimalli: 4650U, Prosessorin taajuus: 2,1 GHz. N\u00e4yt\u00f6n halkaisija: 35,6 cm (14&#8243;), HD-tyyppi: Full HD, N\u00e4yt\u00f6n erottelutarkkuus: 1920 x 1080 pikseli\u00e4. Sis\u00e4inen muisti: 16 GB, Sis\u00e4isen muistin tyyppi: DDR4-SDRAM. Kokonaistallennuskapasiteetti: 512 GB, Tallennusmedia: SSD. Sis\u00e4ltyv\u00e4n n\u00e4yt\u00f6nohjaimen malli: AMD Radeon Graphics. K\u00e4ytt\u00f6j\u00e4rjestelm\u00e4 asennettu: Windows 11 Pro. Tuotteen v\u00e4ri: musta<\/p>\n","protected":false},"excerpt":{"rendered":"<ul>\n<li>AMD Ryzen PRO R5-4650U<\/li>\n<li>16 GB DDR4 \/ 512 GB SSD<\/li>\n<li>14&quot; FHD IPS display<\/li>\n<li>Windows 11 Pro<\/li>\n<li>Versatile connections<\/li>\n<\/ul>\n","protected":false},"featured_media":999999999,"template":"","meta":{"_acf_changed":false},"product_brand":[],"product_cat":[17135],"product_tag":[],"class_list":{"0":"post-1318137","1":"product","2":"type-product","3":"status-publish","4":"has-post-thumbnail","6":"product_cat-arvutid","8":"first","9":"onbackorder","10":"taxable","11":"shipping-taxable","12":"purchasable","13":"product-type-simple"},"acf":[],"_links":{"self":[{"href":"https:\/\/digibit.ee\/en\/wp-json\/wp\/v2\/product\/1318137","targetHints":{"allow":["GET"]}}],"collection":[{"href":"https:\/\/digibit.ee\/en\/wp-json\/wp\/v2\/product"}],"about":[{"href":"https:\/\/digibit.ee\/en\/wp-json\/wp\/v2\/types\/product"}],"wp:featuredmedia":[{"embeddable":true,"href":"https:\/\/digibit.ee\/en\/wp-json\/"}],"wp:attachment":[{"href":"https:\/\/digibit.ee\/en\/wp-json\/wp\/v2\/media?parent=1318137"}],"wp:term":[{"taxonomy":"product_brand","embeddable":true,"href":"https:\/\/digibit.ee\/en\/wp-json\/wp\/v2\/product_brand?post=1318137"},{"taxonomy":"product_cat","embeddable":true,"href":"https:\/\/digibit.ee\/en\/wp-json\/wp\/v2\/product_cat?post=1318137"},{"taxonomy":"product_tag","embeddable":true,"href":"https:\/\/digibit.ee\/en\/wp-json\/wp\/v2\/product_tag?post=1318137"}],"curies":[{"name":"wp","href":"https:\/\/api.w.org\/{rel}","templated":true}]}}