{"id":1318097,"date":"2026-02-16T10:59:18","date_gmt":"2026-02-16T08:59:18","guid":{"rendered":"https:\/\/digibit.ee\/tooted\/maaratlemata\/emerio-vs-130802-vakuumipakkauskone\/"},"modified":"2026-04-10T18:25:25","modified_gmt":"2026-04-10T15:25:25","slug":"emerio-vs-130802-vakuumipakkauskone","status":"publish","type":"product","link":"https:\/\/digibit.ee\/en\/product\/emerio-vs-130802-vakuumipakkauskone\/","title":{"rendered":"Emerio VS-130802 vacuum packaging machine"},"content":{"rendered":"<p>Emerio VS-130802. Tuotteen v\u00e4ri: Harmaa, Max. ty\u00f6skentelyleveys: 22 cm. Teho: 7 W. Lukum\u00e4\u00e4r\u00e4 per pakkaus: 1 kpl<\/p>\n","protected":false},"excerpt":{"rendered":"<ul>\n<li>Closing time: 10\u201314 seconds<\/li>\n<li>Suction power: 7 W<\/li>\n<li>Suitable for dry and moist food products<\/li>\n<li>Integrated film cutter<\/li>\n<\/ul>\n","protected":false},"featured_media":999999999,"template":"","meta":{"_acf_changed":false},"product_brand":[],"product_cat":[16933,16835,17134],"product_tag":[],"class_list":{"0":"post-1318097","1":"product","2":"type-product","3":"status-publish","4":"has-post-thumbnail","6":"product_cat-koogiseadmed","7":"product_cat-vaikeseadmed","8":"product_cat-vakuumikoneet","10":"first","11":"onbackorder","12":"taxable","13":"shipping-taxable","14":"purchasable","15":"product-type-simple"},"acf":[],"_links":{"self":[{"href":"https:\/\/digibit.ee\/en\/wp-json\/wp\/v2\/product\/1318097","targetHints":{"allow":["GET"]}}],"collection":[{"href":"https:\/\/digibit.ee\/en\/wp-json\/wp\/v2\/product"}],"about":[{"href":"https:\/\/digibit.ee\/en\/wp-json\/wp\/v2\/types\/product"}],"wp:featuredmedia":[{"embeddable":true,"href":"https:\/\/digibit.ee\/en\/wp-json\/"}],"wp:attachment":[{"href":"https:\/\/digibit.ee\/en\/wp-json\/wp\/v2\/media?parent=1318097"}],"wp:term":[{"taxonomy":"product_brand","embeddable":true,"href":"https:\/\/digibit.ee\/en\/wp-json\/wp\/v2\/product_brand?post=1318097"},{"taxonomy":"product_cat","embeddable":true,"href":"https:\/\/digibit.ee\/en\/wp-json\/wp\/v2\/product_cat?post=1318097"},{"taxonomy":"product_tag","embeddable":true,"href":"https:\/\/digibit.ee\/en\/wp-json\/wp\/v2\/product_tag?post=1318097"}],"curies":[{"name":"wp","href":"https:\/\/api.w.org\/{rel}","templated":true}]}}