{"id":1318096,"date":"2026-02-16T10:59:18","date_gmt":"2026-02-16T08:59:18","guid":{"rendered":"https:\/\/digibit.ee\/tooted\/maaratlemata\/emerio-wk-132230-vedenkeitin\/"},"modified":"2026-04-10T21:11:59","modified_gmt":"2026-04-10T18:11:59","slug":"emerio-wk-132230-vedenkeitin","status":"publish","type":"product","link":"https:\/\/digibit.ee\/en\/product\/emerio-wk-132230-vedenkeitin\/","title":{"rendered":"Emerio WK-132230 kettle"},"content":{"rendered":"<p>Emerio WK-132230. Vesis\u00e4ili\u00f6n tilavuus: 1,7 L. Teho: 2200 W. Tuotteen v\u00e4ri: musta, S\u00e4\u00e4dett\u00e4v\u00e4 termostaatti, Veden tason ilmaisin. Johdoton. Pid\u00e4 l\u00e4mpim\u00e4n\u00e4-toiminto<\/p>\n","protected":false},"excerpt":{"rendered":"<ul>\n<li>Capacity: 1.7 liters<\/li>\n<li>Digital display and touch control<\/li>\n<li>13 temperature settings<\/li>\n<li>Stylish design<\/li>\n<\/ul>\n","protected":false},"featured_media":999999999,"template":"","meta":{"_acf_changed":false},"product_brand":[],"product_cat":[16933,16835,17132],"product_tag":[],"class_list":{"0":"post-1318096","1":"product","2":"type-product","3":"status-publish","4":"has-post-thumbnail","6":"product_cat-koogiseadmed","7":"product_cat-vaikeseadmed","8":"product_cat-vedenkeittimet","10":"first","11":"instock","12":"taxable","13":"shipping-taxable","14":"purchasable","15":"product-type-simple"},"acf":[],"_links":{"self":[{"href":"https:\/\/digibit.ee\/en\/wp-json\/wp\/v2\/product\/1318096","targetHints":{"allow":["GET"]}}],"collection":[{"href":"https:\/\/digibit.ee\/en\/wp-json\/wp\/v2\/product"}],"about":[{"href":"https:\/\/digibit.ee\/en\/wp-json\/wp\/v2\/types\/product"}],"wp:featuredmedia":[{"embeddable":true,"href":"https:\/\/digibit.ee\/en\/wp-json\/"}],"wp:attachment":[{"href":"https:\/\/digibit.ee\/en\/wp-json\/wp\/v2\/media?parent=1318096"}],"wp:term":[{"taxonomy":"product_brand","embeddable":true,"href":"https:\/\/digibit.ee\/en\/wp-json\/wp\/v2\/product_brand?post=1318096"},{"taxonomy":"product_cat","embeddable":true,"href":"https:\/\/digibit.ee\/en\/wp-json\/wp\/v2\/product_cat?post=1318096"},{"taxonomy":"product_tag","embeddable":true,"href":"https:\/\/digibit.ee\/en\/wp-json\/wp\/v2\/product_tag?post=1318096"}],"curies":[{"name":"wp","href":"https:\/\/api.w.org\/{rel}","templated":true}]}}