{"id":1318092,"date":"2026-02-16T10:59:17","date_gmt":"2026-02-16T08:59:17","guid":{"rendered":"https:\/\/digibit.ee\/tooted\/maaratlemata\/emerio-hm-130365-tehosekoitin\/"},"modified":"2026-04-10T18:25:25","modified_gmt":"2026-04-10T15:25:25","slug":"emerio-hm-130365-tehosekoitin","status":"publish","type":"product","link":"https:\/\/digibit.ee\/en\/product\/emerio-hm-130365-tehosekoitin\/","title":{"rendered":"Emerio HM-130365 blender"},"content":{"rendered":"<p>Emerio HM-130365. Malli: K\u00e4sisekoitin, Tuotteen v\u00e4ri: Harmaa, Valkoinen, Mikseri-Funktiot: Vaivaus, Vaivaus. Ter\u00e4n materiaali: Ruostumaton ter\u00e4s. Teho: 400 W. Tuotteen leveys: 206 mm, Tuotteen syvyys: 100 mm, Tuotteen korkeus: 200 mm. Pakkauksen leveys: 326 mm, Pakkauksen syvyys: 224 mm, Pakkauksen korkeus: 428 mm<\/p>\n","protected":false},"excerpt":{"rendered":"<ul>\n<li>Five speed settings and a turbo button<\/li>\n<li>Whisks made of stainless steel<\/li>\n<li>Reverse function and smooth start<\/li>\n<\/ul>\n","protected":false},"featured_media":999999999,"template":"","meta":{"_acf_changed":false},"product_brand":[],"product_cat":[16933,17587,16835],"product_tag":[],"class_list":{"0":"post-1318092","1":"product","2":"type-product","3":"status-publish","4":"has-post-thumbnail","6":"product_cat-koogiseadmed","7":"product_cat-tehosekoittimet","8":"product_cat-vaikeseadmed","10":"first","11":"instock","12":"taxable","13":"shipping-taxable","14":"purchasable","15":"product-type-simple"},"acf":[],"_links":{"self":[{"href":"https:\/\/digibit.ee\/en\/wp-json\/wp\/v2\/product\/1318092","targetHints":{"allow":["GET"]}}],"collection":[{"href":"https:\/\/digibit.ee\/en\/wp-json\/wp\/v2\/product"}],"about":[{"href":"https:\/\/digibit.ee\/en\/wp-json\/wp\/v2\/types\/product"}],"wp:featuredmedia":[{"embeddable":true,"href":"https:\/\/digibit.ee\/en\/wp-json\/"}],"wp:attachment":[{"href":"https:\/\/digibit.ee\/en\/wp-json\/wp\/v2\/media?parent=1318092"}],"wp:term":[{"taxonomy":"product_brand","embeddable":true,"href":"https:\/\/digibit.ee\/en\/wp-json\/wp\/v2\/product_brand?post=1318092"},{"taxonomy":"product_cat","embeddable":true,"href":"https:\/\/digibit.ee\/en\/wp-json\/wp\/v2\/product_cat?post=1318092"},{"taxonomy":"product_tag","embeddable":true,"href":"https:\/\/digibit.ee\/en\/wp-json\/wp\/v2\/product_tag?post=1318092"}],"curies":[{"name":"wp","href":"https:\/\/api.w.org\/{rel}","templated":true}]}}