{"id":1318091,"date":"2026-02-16T10:59:17","date_gmt":"2026-02-16T08:59:17","guid":{"rendered":"https:\/\/digibit.ee\/tooted\/maaratlemata\/emerio-leivanpaahdin-sampylatelineella\/"},"modified":"2026-04-10T18:25:25","modified_gmt":"2026-04-10T15:25:25","slug":"emerio-leivanpaahdin-sampylatelineella","status":"publish","type":"product","link":"https:\/\/digibit.ee\/en\/product\/emerio-leivanpaahdin-sampylatelineella\/","title":{"rendered":"Emerio toaster with bun rack"},"content":{"rendered":"<p>Emerio TO-128308. Viipaleiden lukum\u00e4\u00e4r\u00e4: 2 viipale(i)ta, Tuotteen v\u00e4ri: musta, Hopea. Teho: 800 W. Ei sis\u00e4ll\u00e4: Bisphenol A (BPA). M\u00e4\u00e4r\u00e4 per kontti (20ft): 1680 kpl, M\u00e4\u00e4r\u00e4 per kontti (40ft): 3480 kpl, M\u00e4\u00e4r\u00e4 per kontti (40ft, HC): 3792 kpl<\/p>\n","protected":false},"excerpt":{"rendered":"<ul>\n<li>Two-slice toaster<\/li>\n<li>Seven roast levels<\/li>\n<li>Digital display<\/li>\n<li>Bread roll rack<\/li>\n<\/ul>\n","protected":false},"featured_media":999999999,"template":"","meta":{"_acf_changed":false},"product_brand":[],"product_cat":[16933,17346,16835],"product_tag":[],"class_list":{"0":"post-1318091","1":"product","2":"type-product","3":"status-publish","4":"has-post-thumbnail","6":"product_cat-koogiseadmed","7":"product_cat-leivanpaahtimet","8":"product_cat-vaikeseadmed","10":"first","11":"instock","12":"taxable","13":"shipping-taxable","14":"purchasable","15":"product-type-simple"},"acf":[],"_links":{"self":[{"href":"https:\/\/digibit.ee\/en\/wp-json\/wp\/v2\/product\/1318091","targetHints":{"allow":["GET"]}}],"collection":[{"href":"https:\/\/digibit.ee\/en\/wp-json\/wp\/v2\/product"}],"about":[{"href":"https:\/\/digibit.ee\/en\/wp-json\/wp\/v2\/types\/product"}],"wp:featuredmedia":[{"embeddable":true,"href":"https:\/\/digibit.ee\/en\/wp-json\/"}],"wp:attachment":[{"href":"https:\/\/digibit.ee\/en\/wp-json\/wp\/v2\/media?parent=1318091"}],"wp:term":[{"taxonomy":"product_brand","embeddable":true,"href":"https:\/\/digibit.ee\/en\/wp-json\/wp\/v2\/product_brand?post=1318091"},{"taxonomy":"product_cat","embeddable":true,"href":"https:\/\/digibit.ee\/en\/wp-json\/wp\/v2\/product_cat?post=1318091"},{"taxonomy":"product_tag","embeddable":true,"href":"https:\/\/digibit.ee\/en\/wp-json\/wp\/v2\/product_tag?post=1318091"}],"curies":[{"name":"wp","href":"https:\/\/api.w.org\/{rel}","templated":true}]}}