{"id":1318087,"date":"2026-02-16T10:59:17","date_gmt":"2026-02-16T08:59:17","guid":{"rendered":"https:\/\/digibit.ee\/tooted\/maaratlemata\/barbie-fab-joulukalenteri\/"},"modified":"2026-04-11T09:36:19","modified_gmt":"2026-04-11T06:36:19","slug":"barbie-fab-joulukalenteri","status":"publish","type":"product","link":"https:\/\/digibit.ee\/en\/product\/barbie-fab-joulukalenteri\/","title":{"rendered":"Barbie Fab Christmas Calendar"},"content":{"rendered":"<p>Barbie Advent Calendar Doll and Accessories. Nukketyyppi: Muotinukke, Nuken sukupuoli: Naaras, Suositeltu ik\u00e4 (min): 3 vuosi\/vuosia, Ehdotettu sukupuoli: Tytt\u00f6. Tuotteen korkeus: 320 mm, Paino: 125 g. Materiaali: Muovi, Kangas, Tuotteen v\u00e4ri: Moniv\u00e4rinen<\/p>\n","protected":false},"excerpt":{"rendered":"<ul>\n<li>Fashionable Christmas anticipation!<\/li>\n<li>Barbie doll, accessories, and supplies<\/li>\n<li>The joy of opening for every day<\/li>\n<li>Age recommendation: for ages 3 and up<\/li>\n<\/ul>\n","protected":false},"featured_media":999999999,"template":"","meta":{"_acf_changed":false},"product_brand":[],"product_cat":[17027],"product_tag":[],"class_list":{"0":"post-1318087","1":"product","2":"type-product","3":"status-publish","4":"has-post-thumbnail","6":"product_cat-manguasjad","8":"first","9":"instock","10":"taxable","11":"shipping-taxable","12":"purchasable","13":"product-type-simple"},"acf":[],"_links":{"self":[{"href":"https:\/\/digibit.ee\/en\/wp-json\/wp\/v2\/product\/1318087","targetHints":{"allow":["GET"]}}],"collection":[{"href":"https:\/\/digibit.ee\/en\/wp-json\/wp\/v2\/product"}],"about":[{"href":"https:\/\/digibit.ee\/en\/wp-json\/wp\/v2\/types\/product"}],"wp:featuredmedia":[{"embeddable":true,"href":"https:\/\/digibit.ee\/en\/wp-json\/"}],"wp:attachment":[{"href":"https:\/\/digibit.ee\/en\/wp-json\/wp\/v2\/media?parent=1318087"}],"wp:term":[{"taxonomy":"product_brand","embeddable":true,"href":"https:\/\/digibit.ee\/en\/wp-json\/wp\/v2\/product_brand?post=1318087"},{"taxonomy":"product_cat","embeddable":true,"href":"https:\/\/digibit.ee\/en\/wp-json\/wp\/v2\/product_cat?post=1318087"},{"taxonomy":"product_tag","embeddable":true,"href":"https:\/\/digibit.ee\/en\/wp-json\/wp\/v2\/product_tag?post=1318087"}],"curies":[{"name":"wp","href":"https:\/\/api.w.org\/{rel}","templated":true}]}}