{"id":1317751,"date":"2026-02-16T10:58:47","date_gmt":"2026-02-16T08:58:47","guid":{"rendered":"https:\/\/digibit.ee\/tooted\/maaratlemata\/insta360-ace-pro-2-ace-pro-naytonsuoja\/"},"modified":"2026-04-10T18:25:09","modified_gmt":"2026-04-10T15:25:09","slug":"insta360-ace-pro-2-ace-pro-naytonsuoja","status":"publish","type":"product","link":"https:\/\/digibit.ee\/en\/product\/insta360-ace-pro-2-ace-pro-naytonsuoja\/","title":{"rendered":"Insta360 Ace Pro 2 Ace Pro Screen Protector"},"content":{"rendered":"<p>Insta360 Screen Protector. Tuotetyyppi: N\u00e4yt\u00f6nsuoja, Tuotemerkin yhteensopivuus: DJI, Tuotteen v\u00e4ri: L\u00e4pin\u00e4kyv\u00e4. Tuotteen leveys: 60,5 mm, Tuotteen syvyys: 0,35 mm, Tuotteen korkeus: 40,5 mm<\/p>\n","protected":false},"excerpt":{"rendered":"<ul>\n<li>Impact-resistant tempered glass effectively protects the screen<\/li>\n<li>Bright and touch-sensitive display experience<\/li>\n<li>Easy, bubble-free installation with the included tools<\/li>\n<li>Smooth surface that repels fingerprints<\/li>\n<\/ul>\n","protected":false},"featured_media":999999999,"template":"","meta":{"_acf_changed":false},"product_brand":[],"product_cat":[16993,18025,16724,16749],"product_tag":[],"class_list":{"0":"post-1317751","1":"product","2":"type-product","3":"status-publish","4":"has-post-thumbnail","6":"product_cat-action-kaamerad","7":"product_cat-insta360","8":"product_cat-kaamerad","9":"product_cat-tarvikkeet","11":"first","12":"onbackorder","13":"taxable","14":"shipping-taxable","15":"purchasable","16":"product-type-simple"},"acf":[],"_links":{"self":[{"href":"https:\/\/digibit.ee\/en\/wp-json\/wp\/v2\/product\/1317751","targetHints":{"allow":["GET"]}}],"collection":[{"href":"https:\/\/digibit.ee\/en\/wp-json\/wp\/v2\/product"}],"about":[{"href":"https:\/\/digibit.ee\/en\/wp-json\/wp\/v2\/types\/product"}],"wp:featuredmedia":[{"embeddable":true,"href":"https:\/\/digibit.ee\/en\/wp-json\/"}],"wp:attachment":[{"href":"https:\/\/digibit.ee\/en\/wp-json\/wp\/v2\/media?parent=1317751"}],"wp:term":[{"taxonomy":"product_brand","embeddable":true,"href":"https:\/\/digibit.ee\/en\/wp-json\/wp\/v2\/product_brand?post=1317751"},{"taxonomy":"product_cat","embeddable":true,"href":"https:\/\/digibit.ee\/en\/wp-json\/wp\/v2\/product_cat?post=1317751"},{"taxonomy":"product_tag","embeddable":true,"href":"https:\/\/digibit.ee\/en\/wp-json\/wp\/v2\/product_tag?post=1317751"}],"curies":[{"name":"wp","href":"https:\/\/api.w.org\/{rel}","templated":true}]}}