{"id":1317716,"date":"2026-02-16T10:58:44","date_gmt":"2026-02-16T08:58:44","guid":{"rendered":"https:\/\/digibit.ee\/tooted\/maaratlemata\/dreame-g10-pro-moppaava-varsi-imuri\/"},"modified":"2026-04-10T18:25:08","modified_gmt":"2026-04-10T15:25:08","slug":"dreame-g10-pro-moppaava-varsi-imuri","status":"publish","type":"product","link":"https:\/\/digibit.ee\/en\/product\/dreame-g10-pro-moppaava-varsi-imuri\/","title":{"rendered":"Dreame G10 Pro Cordless Stick Vacuum Cleaner with Mop Function"},"content":{"rendered":"<p>Dreame G10 Pro. Tuotetyyppi: Sauvaimuri, P\u00f6lys\u00e4ili\u00f6n tyyppi: Pussiton, Tuotteen v\u00e4ri: musta. Puhdistustyyppi: Kuiva ja m\u00e4rk\u00e4, Lian erottava menetelm\u00e4: Suodatus, Harjan tyyppi: Dual edge cleaning. Voimanl\u00e4hde: Akku, Suurin sy\u00f6tt\u00f6teho: 200 W, Imuteho: 16000 Pa. Lukum\u00e4\u00e4r\u00e4 per pakkaus: 1 kpl. Paino: 4,8 kg<\/p>\n","protected":false},"excerpt":{"rendered":"<ul>\n<li>Vacuum and mop the floors<\/li>\n<li>16,000 Pa suction power<\/li>\n<li>Up to 35 minutes of operating time<\/li>\n<li>Self-cleaning of the brush with clean water<\/li>\n<\/ul>\n","protected":false},"featured_media":999999999,"template":"","meta":{"_acf_changed":false},"product_brand":[],"product_cat":[17002,16835,18150],"product_tag":[],"class_list":{"0":"post-1317716","1":"product","2":"type-product","3":"status-publish","4":"has-post-thumbnail","6":"product_cat-tolmuimejad","7":"product_cat-vaikeseadmed","8":"product_cat-varsi-imurit-ja-rikkaimurit","10":"first","11":"instock","12":"taxable","13":"shipping-taxable","14":"purchasable","15":"product-type-simple"},"acf":[],"_links":{"self":[{"href":"https:\/\/digibit.ee\/en\/wp-json\/wp\/v2\/product\/1317716","targetHints":{"allow":["GET"]}}],"collection":[{"href":"https:\/\/digibit.ee\/en\/wp-json\/wp\/v2\/product"}],"about":[{"href":"https:\/\/digibit.ee\/en\/wp-json\/wp\/v2\/types\/product"}],"wp:featuredmedia":[{"embeddable":true,"href":"https:\/\/digibit.ee\/en\/wp-json\/"}],"wp:attachment":[{"href":"https:\/\/digibit.ee\/en\/wp-json\/wp\/v2\/media?parent=1317716"}],"wp:term":[{"taxonomy":"product_brand","embeddable":true,"href":"https:\/\/digibit.ee\/en\/wp-json\/wp\/v2\/product_brand?post=1317716"},{"taxonomy":"product_cat","embeddable":true,"href":"https:\/\/digibit.ee\/en\/wp-json\/wp\/v2\/product_cat?post=1317716"},{"taxonomy":"product_tag","embeddable":true,"href":"https:\/\/digibit.ee\/en\/wp-json\/wp\/v2\/product_tag?post=1317716"}],"curies":[{"name":"wp","href":"https:\/\/api.w.org\/{rel}","templated":true}]}}