{"id":1317715,"date":"2026-02-16T10:58:44","date_gmt":"2026-02-16T08:58:44","guid":{"rendered":"https:\/\/digibit.ee\/tooted\/maaratlemata\/dreame-h12-pro-flexreach-moppaava-varsi-imuri\/"},"modified":"2026-04-10T18:25:08","modified_gmt":"2026-04-10T15:25:08","slug":"dreame-h12-pro-flexreach-moppaava-varsi-imuri","status":"publish","type":"product","link":"https:\/\/digibit.ee\/en\/product\/dreame-h12-pro-flexreach-moppaava-varsi-imuri\/","title":{"rendered":"Dreame H12 Pro FlexReach Cordless Vacuum Cleaner with Mop Function"},"content":{"rendered":"<p>Dreame H12 Pro FlexReach. Tuotetyyppi: S\u00e4hk\u00f6harja, P\u00f6lys\u00e4ili\u00f6n tyyppi: Pussiton, Tuotteen v\u00e4ri: musta. Puhdistustyyppi: Kuiva ja m\u00e4rk\u00e4, Lian erottava menetelm\u00e4: Suodatus, Pintojen puhdistus: Paljas lattia, Matto, Kovat lattiapinnat. Tehon s\u00e4\u00e4t\u00f6: Elektroninen. Voimanl\u00e4hde: Akku, Suurin sy\u00f6tt\u00f6teho: 400 W, Imuteho: 18000 Pa. Lukum\u00e4\u00e4r\u00e4 per pakkaus: 1 kpl<\/p>\n","protected":false},"excerpt":{"rendered":"<ul>\n<li>Vacuum and mop<\/li>\n<li>Suction power: 18,000 Pa<\/li>\n<li>Brushless 400 W motor<\/li>\n<li>Up to 50 minutes of usage time<\/li>\n<li>Self-cleaning of the brush with hot water<\/li>\n<\/ul>\n","protected":false},"featured_media":999999999,"template":"","meta":{"_acf_changed":false},"product_brand":[],"product_cat":[17002,16835,18150],"product_tag":[],"class_list":{"0":"post-1317715","1":"product","2":"type-product","3":"status-publish","4":"has-post-thumbnail","6":"product_cat-tolmuimejad","7":"product_cat-vaikeseadmed","8":"product_cat-varsi-imurit-ja-rikkaimurit","10":"first","11":"onbackorder","12":"taxable","13":"shipping-taxable","14":"purchasable","15":"product-type-simple"},"acf":[],"_links":{"self":[{"href":"https:\/\/digibit.ee\/en\/wp-json\/wp\/v2\/product\/1317715","targetHints":{"allow":["GET"]}}],"collection":[{"href":"https:\/\/digibit.ee\/en\/wp-json\/wp\/v2\/product"}],"about":[{"href":"https:\/\/digibit.ee\/en\/wp-json\/wp\/v2\/types\/product"}],"wp:featuredmedia":[{"embeddable":true,"href":"https:\/\/digibit.ee\/en\/wp-json\/"}],"wp:attachment":[{"href":"https:\/\/digibit.ee\/en\/wp-json\/wp\/v2\/media?parent=1317715"}],"wp:term":[{"taxonomy":"product_brand","embeddable":true,"href":"https:\/\/digibit.ee\/en\/wp-json\/wp\/v2\/product_brand?post=1317715"},{"taxonomy":"product_cat","embeddable":true,"href":"https:\/\/digibit.ee\/en\/wp-json\/wp\/v2\/product_cat?post=1317715"},{"taxonomy":"product_tag","embeddable":true,"href":"https:\/\/digibit.ee\/en\/wp-json\/wp\/v2\/product_tag?post=1317715"}],"curies":[{"name":"wp","href":"https:\/\/api.w.org\/{rel}","templated":true}]}}