{"id":1317657,"date":"2026-02-16T10:58:39","date_gmt":"2026-02-16T08:58:39","guid":{"rendered":"https:\/\/digibit.ee\/tooted\/maaratlemata\/asus-nuc-15-pro-mini-pc-barebone-poytakone-rnuc15crku700002\/"},"modified":"2026-04-12T06:42:57","modified_gmt":"2026-04-12T03:42:57","slug":"asus-nuc-15-pro-mini-pc-barebone-poytakone-rnuc15crku700002","status":"publish","type":"product","link":"https:\/\/digibit.ee\/en\/product\/asus-nuc-15-pro-mini-pc-barebone-poytakone-rnuc15crku700002\/","title":{"rendered":"ASUS NUC 15 Pro Mini PC Barebone Desktop Computer"},"content":{"rendered":"<p>ASUS RNUC15CRKU700002. Tuotetyyppi: Mini PC Barebone. Tuetut muistityypit: DDR5-SDRAM, Muistipaikkojen lukum\u00e4\u00e4r\u00e4: 2. Tuetut tallennusasematyypit: SSD, Tallennuslaitteen liit\u00e4nt\u00e4: M.2, Tallennuksen enimm\u00e4iskapasiteetti: 2000 TB. Ethernet LAN (RJ-45) -portit: 1. Wi-Fi-standardit: Wi-Fi 7 (802.11be), Bluetooth-versio: 5.4. J\u00e4\u00e4hdytyksen tyyppi: Aktiivinen. Virtal\u00e4hde: 120 W<\/p>\n","protected":false},"excerpt":{"rendered":"<ul>\n<li>Intel Core Ultra 7 255H<\/li>\n<li>1 x SSD, 2 x SO-DIMM DDR5<\/li>\n<li>Wi-Fi 7, 2 x Thunderbolt 4<\/li>\n<li>2 x HDMI, 4 x USB-A, 1 x Ethernet<\/li>\n<li>Barebone model<\/li>\n<\/ul>\n","protected":false},"featured_media":999999999,"template":"","meta":{"_acf_changed":false},"product_brand":[],"product_cat":[17135,17996,18713],"product_tag":[],"class_list":{"0":"post-1317657","1":"product","2":"type-product","3":"status-publish","4":"has-post-thumbnail","6":"product_cat-arvutid","7":"product_cat-lauaarvutid","8":"product_cat-yrityspoytakoneet","10":"first","11":"onbackorder","12":"taxable","13":"shipping-taxable","14":"purchasable","15":"product-type-simple"},"acf":[],"_links":{"self":[{"href":"https:\/\/digibit.ee\/en\/wp-json\/wp\/v2\/product\/1317657","targetHints":{"allow":["GET"]}}],"collection":[{"href":"https:\/\/digibit.ee\/en\/wp-json\/wp\/v2\/product"}],"about":[{"href":"https:\/\/digibit.ee\/en\/wp-json\/wp\/v2\/types\/product"}],"wp:featuredmedia":[{"embeddable":true,"href":"https:\/\/digibit.ee\/en\/wp-json\/"}],"wp:attachment":[{"href":"https:\/\/digibit.ee\/en\/wp-json\/wp\/v2\/media?parent=1317657"}],"wp:term":[{"taxonomy":"product_brand","embeddable":true,"href":"https:\/\/digibit.ee\/en\/wp-json\/wp\/v2\/product_brand?post=1317657"},{"taxonomy":"product_cat","embeddable":true,"href":"https:\/\/digibit.ee\/en\/wp-json\/wp\/v2\/product_cat?post=1317657"},{"taxonomy":"product_tag","embeddable":true,"href":"https:\/\/digibit.ee\/en\/wp-json\/wp\/v2\/product_tag?post=1317657"}],"curies":[{"name":"wp","href":"https:\/\/api.w.org\/{rel}","templated":true}]}}