{"id":1317653,"date":"2026-02-16T10:58:39","date_gmt":"2026-02-16T08:58:39","guid":{"rendered":"https:\/\/digibit.ee\/tooted\/maaratlemata\/asus-rog-nuc-15-mini-pc-pelitietokone-windows-11-rnuc15jnk9x389a2\/"},"modified":"2026-04-12T06:42:57","modified_gmt":"2026-04-12T03:42:57","slug":"asus-rog-nuc-15-mini-pc-pelitietokone-windows-11-rnuc15jnk9x389a2","status":"publish","type":"product","link":"https:\/\/digibit.ee\/en\/product\/asus-rog-nuc-15-mini-pc-pelitietokone-windows-11-rnuc15jnk9x389a2\/","title":{"rendered":"ASUS ROG NUC 15 Mini PC Gaming Computer, Win 11 (RNUC15JNK9X289A2)"},"content":{"rendered":"<p>ASUS ROG NUC RNUC15JNK9X389A2. Suoritinperhe: Intel Core Ultra 9, Prosessorimalli: 275HX. Sis\u00e4inen muisti: 32 GB, Sis\u00e4isen muistin tyyppi: DDR5-SDRAM, Muistin kellotaajuus: 6400 MHz. Kokonaistallennuskapasiteetti: 1 TB, Tallennusmedia: SSD. Sis\u00e4ltyv\u00e4n n\u00e4yt\u00f6nohjaimen malli: Intel Graphics, Erillisen n\u00e4yt\u00f6nohjaimen malli: NVIDIA GeForce RTX 5070 Ti. K\u00e4ytt\u00f6j\u00e4rjestelm\u00e4 asennettu: Windows 11 Home, K\u00e4ytt\u00f6j\u00e4rjestelm\u00e4n arkkitehtuuri: 64-bittinen. Alustatyyppi: USFF. Tuotetyyppi: Mini PC. Paino: 3,12 kg. Tuotteen v\u00e4ri: musta<\/p>\n","protected":false},"excerpt":{"rendered":"<ul>\n<li>Intel Core Ultra 9 275HX<\/li>\n<li>32 GB DDR5, 1 TB M.2 SSD<\/li>\n<li>NVIDIA GeForce RTX 5070 Ti, 12 GB GDDR7<\/li>\n<li>2.5G LAN, Wi-Fi 7, plenty of other connections<\/li>\n<li>Quiet and stylish 2.5 L chassis<\/li>\n<\/ul>\n","protected":false},"featured_media":999999999,"template":"","meta":{"_acf_changed":false},"product_brand":[],"product_cat":[17135,17996,18713],"product_tag":[],"class_list":{"0":"post-1317653","1":"product","2":"type-product","3":"status-publish","4":"has-post-thumbnail","6":"product_cat-arvutid","7":"product_cat-lauaarvutid","8":"product_cat-yrityspoytakoneet","10":"first","11":"onbackorder","12":"taxable","13":"shipping-taxable","14":"purchasable","15":"product-type-simple"},"acf":[],"_links":{"self":[{"href":"https:\/\/digibit.ee\/en\/wp-json\/wp\/v2\/product\/1317653","targetHints":{"allow":["GET"]}}],"collection":[{"href":"https:\/\/digibit.ee\/en\/wp-json\/wp\/v2\/product"}],"about":[{"href":"https:\/\/digibit.ee\/en\/wp-json\/wp\/v2\/types\/product"}],"wp:featuredmedia":[{"embeddable":true,"href":"https:\/\/digibit.ee\/en\/wp-json\/"}],"wp:attachment":[{"href":"https:\/\/digibit.ee\/en\/wp-json\/wp\/v2\/media?parent=1317653"}],"wp:term":[{"taxonomy":"product_brand","embeddable":true,"href":"https:\/\/digibit.ee\/en\/wp-json\/wp\/v2\/product_brand?post=1317653"},{"taxonomy":"product_cat","embeddable":true,"href":"https:\/\/digibit.ee\/en\/wp-json\/wp\/v2\/product_cat?post=1317653"},{"taxonomy":"product_tag","embeddable":true,"href":"https:\/\/digibit.ee\/en\/wp-json\/wp\/v2\/product_tag?post=1317653"}],"curies":[{"name":"wp","href":"https:\/\/api.w.org\/{rel}","templated":true}]}}