{"id":1317648,"date":"2026-02-16T10:58:38","date_gmt":"2026-02-16T08:58:38","guid":{"rendered":"https:\/\/digibit.ee\/tooted\/maaratlemata\/asus-nuc-14-essential-mini-pc-barebone-poytakone-rnuc14mnk1500002\/"},"modified":"2026-04-12T06:42:56","modified_gmt":"2026-04-12T03:42:56","slug":"asus-nuc-14-essential-mini-pc-barebone-poytakone-rnuc14mnk1500002","status":"publish","type":"product","link":"https:\/\/digibit.ee\/en\/product\/asus-nuc-14-essential-mini-pc-barebone-poytakone-rnuc14mnk1500002\/","title":{"rendered":"ASUS NUC 14 Essential Mini PC Barebone Desktop Computer"},"content":{"rendered":"<p>ASUS NUC 14 Essential RNUC14MNK1500002. Tuotetyyppi: Mini PC Barebone. Tuetut muistityypit: DDR5-SDRAM, Muistipaikkojen lukum\u00e4\u00e4r\u00e4: 1, Sis\u00e4inen enimm\u00e4ismuisti: 16 GB. Tuetut tallennusasematyypit: SSD, Tallennuslaitteen liit\u00e4nt\u00e4: M.2, Tallennuksen enimm\u00e4iskapasiteetti: 2 TB. Ethernet LAN (RJ-45) -portit: 1. Wi-Fi-standardit: 802.11a, 802.11b, 802.11g, Wi-Fi 4 (802.11n), Wi-Fi 5 (802.11ac), Wi-Fi 6 (802.11ax), Wi-Fi 6E&#8230;, Bluetooth-versio: 5.3. Virtal\u00e4hde: 65 W<\/p>\n","protected":false},"excerpt":{"rendered":"<ul>\n<li>Intel N150<\/li>\n<li>1 x SSD, 1 x SO-DIMM DDR5<\/li>\n<li>Wi-Fi 6E, 1 x Ethernet<\/li>\n<li>1 x HDMI, 1 x DP, 5 x USB-A, 2 x USB-C<\/li>\n<li>Barebone model<\/li>\n<\/ul>\n","protected":false},"featured_media":999999999,"template":"","meta":{"_acf_changed":false},"product_brand":[],"product_cat":[17135,17996,18713],"product_tag":[],"class_list":{"0":"post-1317648","1":"product","2":"type-product","3":"status-publish","4":"has-post-thumbnail","6":"product_cat-arvutid","7":"product_cat-lauaarvutid","8":"product_cat-yrityspoytakoneet","10":"first","11":"onbackorder","12":"taxable","13":"shipping-taxable","14":"purchasable","15":"product-type-simple"},"acf":[],"_links":{"self":[{"href":"https:\/\/digibit.ee\/en\/wp-json\/wp\/v2\/product\/1317648","targetHints":{"allow":["GET"]}}],"collection":[{"href":"https:\/\/digibit.ee\/en\/wp-json\/wp\/v2\/product"}],"about":[{"href":"https:\/\/digibit.ee\/en\/wp-json\/wp\/v2\/types\/product"}],"wp:featuredmedia":[{"embeddable":true,"href":"https:\/\/digibit.ee\/en\/wp-json\/"}],"wp:attachment":[{"href":"https:\/\/digibit.ee\/en\/wp-json\/wp\/v2\/media?parent=1317648"}],"wp:term":[{"taxonomy":"product_brand","embeddable":true,"href":"https:\/\/digibit.ee\/en\/wp-json\/wp\/v2\/product_brand?post=1317648"},{"taxonomy":"product_cat","embeddable":true,"href":"https:\/\/digibit.ee\/en\/wp-json\/wp\/v2\/product_cat?post=1317648"},{"taxonomy":"product_tag","embeddable":true,"href":"https:\/\/digibit.ee\/en\/wp-json\/wp\/v2\/product_tag?post=1317648"}],"curies":[{"name":"wp","href":"https:\/\/api.w.org\/{rel}","templated":true}]}}