{"id":1317638,"date":"2026-02-16T10:58:37","date_gmt":"2026-02-16T08:58:37","guid":{"rendered":"https:\/\/digibit.ee\/tooted\/maaratlemata\/zyxel-usg-lite-60ax-wifi-6-reititin\/"},"modified":"2026-04-12T18:25:50","modified_gmt":"2026-04-12T15:25:50","slug":"zyxel-usg-lite-60ax-wifi-6-reititin","status":"publish","type":"product","link":"https:\/\/digibit.ee\/en\/product\/zyxel-usg-lite-60ax-wifi-6-reititin\/","title":{"rendered":"Zyxel USG Lite 60AX WiFi 6 router"},"content":{"rendered":"<p>Zyxel USG-LITE 60AX. Verkkostandardit: IEEE 802.11a, IEEE 802.11ac, IEEE 802.11ax, IEEE 802.11b, IEEE 802.11g, IEEE 802.11n, Ethernet-liit\u00e4nn\u00e4n tyyppi: 2.5 Gigabit Ethernet, Kaapelitekniikka: 10\/100\/1000Base-T(X). Tietoturva-algoritmit: WPA2. Sis\u00e4lt\u00e4\u00e4 johdot: LAN (RJ-45), Niputettu ohjelmisto: License free Ransomware &amp; Cybersecurity. Suoritinvalmistaja: Qualcomm, Prosessorin taajuus: 2000 MHz, Tallennusmedia: Flash. Tuotteen v\u00e4ri: Valkoinen, Kotelon materiaali: Polykarbonaatti (PC), LED-merkkivalot: Teho<\/p>\n","protected":false},"excerpt":{"rendered":"<ul>\n<li>Cloud-based easy network management<\/li>\n<li>Fast 2.5 GbE connections for data transfer<\/li>\n<li>Powerful quad-core 2.0 GHz processor<\/li>\n<li>VLAN support and port redirection<\/li>\n<li>Easy expandability of the Smart Mesh network<\/li>\n<\/ul>\n","protected":false},"featured_media":999999999,"template":"","meta":{"_acf_changed":false},"product_brand":[],"product_cat":[19572,17037,18308],"product_tag":[],"class_list":{"0":"post-1317638","1":"product","2":"type-product","3":"status-publish","4":"has-post-thumbnail","6":"product_cat-traadita-ruuterid-ja-tugijaamad","7":"product_cat-vork","8":"product_cat-wifi-6","10":"first","11":"onbackorder","12":"taxable","13":"shipping-taxable","14":"purchasable","15":"product-type-simple"},"acf":[],"_links":{"self":[{"href":"https:\/\/digibit.ee\/en\/wp-json\/wp\/v2\/product\/1317638","targetHints":{"allow":["GET"]}}],"collection":[{"href":"https:\/\/digibit.ee\/en\/wp-json\/wp\/v2\/product"}],"about":[{"href":"https:\/\/digibit.ee\/en\/wp-json\/wp\/v2\/types\/product"}],"wp:featuredmedia":[{"embeddable":true,"href":"https:\/\/digibit.ee\/en\/wp-json\/"}],"wp:attachment":[{"href":"https:\/\/digibit.ee\/en\/wp-json\/wp\/v2\/media?parent=1317638"}],"wp:term":[{"taxonomy":"product_brand","embeddable":true,"href":"https:\/\/digibit.ee\/en\/wp-json\/wp\/v2\/product_brand?post=1317638"},{"taxonomy":"product_cat","embeddable":true,"href":"https:\/\/digibit.ee\/en\/wp-json\/wp\/v2\/product_cat?post=1317638"},{"taxonomy":"product_tag","embeddable":true,"href":"https:\/\/digibit.ee\/en\/wp-json\/wp\/v2\/product_tag?post=1317638"}],"curies":[{"name":"wp","href":"https:\/\/api.w.org\/{rel}","templated":true}]}}