{"id":1317636,"date":"2026-02-16T10:58:37","date_gmt":"2026-02-16T08:58:37","guid":{"rendered":"https:\/\/digibit.ee\/tooted\/maaratlemata\/zyxel-usg-flex-50h-palomuuri-gold-bundle\/"},"modified":"2026-04-12T18:25:50","modified_gmt":"2026-04-12T15:25:50","slug":"zyxel-usg-flex-50h-palomuuri-gold-bundle","status":"publish","type":"product","link":"https:\/\/digibit.ee\/en\/product\/zyxel-usg-flex-50h-palomuuri-gold-bundle\/","title":{"rendered":"Zyxel USG Flex 50H firewall, gold bundle"},"content":{"rendered":"<p>Zyxel USGFLEX50H-EU0101F. Palomuurin suoritusteho: 2000 Mpps, IPS\/IDS-suoritusteho: 1000 Mbit\/s. L\u00e4mm\u00f6n poisohjaus: 32,42 BTU\/h. Yhteysteknologia: Langallinen, Ethernet LAN -datanopeudet: 100,1000 Mbit\/s, Console-portti: RJ-45. Sy\u00f6tt\u00f6j\u00e4nnite: 2 A, DC-sy\u00f6tt\u00f6j\u00e4nnite: 12 V, Tehonkulutus (maks.): 8,86 W. Tuotteen leveys: 216 mm, Tuotteen syvyys: 143 mm, Tuotteen korkeus: 33 mm<\/p>\n","protected":false},"excerpt":{"rendered":"<ul>\n<li>Silent, fanless design enhances reliability<\/li>\n<li>Multilayer Threat Protection for Corporate Networks<\/li>\n<li>VPN connections with up to 20 tunnels and 500 Mbit\/s performance<\/li>\n<li>Centralized management through the Nebula platform<\/li>\n<li>Includes 1 year of Gold Security Pack<\/li>\n<\/ul>\n","protected":false},"featured_media":999999999,"template":"","meta":{"_acf_changed":false},"product_brand":[],"product_cat":[18673,18238,17037],"product_tag":[],"class_list":{"0":"post-1317636","1":"product","2":"type-product","3":"status-publish","4":"has-post-thumbnail","6":"product_cat-laitteet","7":"product_cat-tulemuurid","8":"product_cat-vork","10":"first","11":"onbackorder","12":"taxable","13":"shipping-taxable","14":"purchasable","15":"product-type-simple"},"acf":[],"_links":{"self":[{"href":"https:\/\/digibit.ee\/en\/wp-json\/wp\/v2\/product\/1317636","targetHints":{"allow":["GET"]}}],"collection":[{"href":"https:\/\/digibit.ee\/en\/wp-json\/wp\/v2\/product"}],"about":[{"href":"https:\/\/digibit.ee\/en\/wp-json\/wp\/v2\/types\/product"}],"wp:featuredmedia":[{"embeddable":true,"href":"https:\/\/digibit.ee\/en\/wp-json\/"}],"wp:attachment":[{"href":"https:\/\/digibit.ee\/en\/wp-json\/wp\/v2\/media?parent=1317636"}],"wp:term":[{"taxonomy":"product_brand","embeddable":true,"href":"https:\/\/digibit.ee\/en\/wp-json\/wp\/v2\/product_brand?post=1317636"},{"taxonomy":"product_cat","embeddable":true,"href":"https:\/\/digibit.ee\/en\/wp-json\/wp\/v2\/product_cat?post=1317636"},{"taxonomy":"product_tag","embeddable":true,"href":"https:\/\/digibit.ee\/en\/wp-json\/wp\/v2\/product_tag?post=1317636"}],"curies":[{"name":"wp","href":"https:\/\/api.w.org\/{rel}","templated":true}]}}