{"id":1317634,"date":"2026-02-16T10:58:37","date_gmt":"2026-02-16T08:58:37","guid":{"rendered":"https:\/\/digibit.ee\/tooted\/maaratlemata\/zyxel-usg-flex-50hp-palomuuri\/"},"modified":"2026-04-12T18:25:50","modified_gmt":"2026-04-12T15:25:50","slug":"zyxel-usg-flex-50hp-palomuuri","status":"publish","type":"product","link":"https:\/\/digibit.ee\/en\/product\/zyxel-usg-flex-50hp-palomuuri\/","title":{"rendered":"Zyxel USG Flex 50HP firewall"},"content":{"rendered":"<p>Zyxel USGFLEX50HP-EU0101F. Palomuurin v\u00e4lityskyky: 0,35 Gbit\/s, VPN-v\u00e4lityskyky: 0,09 Gbit\/s. L\u00e4mm\u00f6n poisohjaus: 40,92 BTU\/h, Samanaikaisia k\u00e4ytt\u00e4ji\u00e4: 15 k\u00e4ytt\u00e4j\u00e4 (t), Keskim\u00e4\u00e4r\u00e4inen vikaantumisaika: 655130 h. Tietoturva-algoritmit: 3DES, 256-bit AES, DES, HTTPS, IPSec, MD5, SHA-1, SHA-2. Hallintaprotokolla: SNMP v1, v2c, v3. Ethernet LAN -datanopeudet: 10,100,1000 Mbit\/s, WAN-portti: Ethernet (RJ-45)<\/p>\n","protected":false},"excerpt":{"rendered":"<ul>\n<li>PoE+ support with one Gigabit port<\/li>\n<li>Secure remote connections for 15 users simultaneously<\/li>\n<li>Easy web-based management without software<\/li>\n<li>Support for 10 VPN tunnels simultaneously<\/li>\n<li>Internal fan is missing, so operation is quiet<\/li>\n<\/ul>\n","protected":false},"featured_media":999999999,"template":"","meta":{"_acf_changed":false},"product_brand":[],"product_cat":[18673,18238,17037],"product_tag":[],"class_list":{"0":"post-1317634","1":"product","2":"type-product","3":"status-publish","4":"has-post-thumbnail","6":"product_cat-laitteet","7":"product_cat-tulemuurid","8":"product_cat-vork","10":"first","11":"onbackorder","12":"taxable","13":"shipping-taxable","14":"purchasable","15":"product-type-simple"},"acf":[],"_links":{"self":[{"href":"https:\/\/digibit.ee\/en\/wp-json\/wp\/v2\/product\/1317634","targetHints":{"allow":["GET"]}}],"collection":[{"href":"https:\/\/digibit.ee\/en\/wp-json\/wp\/v2\/product"}],"about":[{"href":"https:\/\/digibit.ee\/en\/wp-json\/wp\/v2\/types\/product"}],"wp:featuredmedia":[{"embeddable":true,"href":"https:\/\/digibit.ee\/en\/wp-json\/"}],"wp:attachment":[{"href":"https:\/\/digibit.ee\/en\/wp-json\/wp\/v2\/media?parent=1317634"}],"wp:term":[{"taxonomy":"product_brand","embeddable":true,"href":"https:\/\/digibit.ee\/en\/wp-json\/wp\/v2\/product_brand?post=1317634"},{"taxonomy":"product_cat","embeddable":true,"href":"https:\/\/digibit.ee\/en\/wp-json\/wp\/v2\/product_cat?post=1317634"},{"taxonomy":"product_tag","embeddable":true,"href":"https:\/\/digibit.ee\/en\/wp-json\/wp\/v2\/product_tag?post=1317634"}],"curies":[{"name":"wp","href":"https:\/\/api.w.org\/{rel}","templated":true}]}}