{"id":1317627,"date":"2026-02-16T10:58:36","date_gmt":"2026-02-16T08:58:36","guid":{"rendered":"https:\/\/digibit.ee\/tooted\/maaratlemata\/synology-dx525-diskstation-expansion-unit-laajennusyksikko\/"},"modified":"2026-04-10T18:25:07","modified_gmt":"2026-04-10T15:25:07","slug":"synology-dx525-diskstation-expansion-unit-laajennusyksikko","status":"publish","type":"product","link":"https:\/\/digibit.ee\/en\/product\/synology-dx525-diskstation-expansion-unit-laajennusyksikko\/","title":{"rendered":"Synology DX525 DiskStation Expansion Unit Expansion Unit"},"content":{"rendered":"<p>Synology DX525. Alustatyyppi: Ty\u00f6p\u00f6yt\u00e4, Laitteen luokka: Pienet &amp; Keskikokoiset Yritykset. Tuettujen tallennusasemien lukum\u00e4\u00e4r\u00e4: 5, Tuetut tallennusasematyypit: HDD &amp; SSD, Tuetut tallennusasemaliit\u00e4nn\u00e4t: SATA, Tuetut tallennusasemien koot: 2.5,3.5&#8243;. Tuotteen leveys: 230 mm, Tuotteen syvyys: 223 mm, Tuotteen korkeus: 166 mm, Paino: 2,46 kg. Tuotteen v\u00e4ri: musta<\/p>\n","protected":false},"excerpt":{"rendered":"<ul>\n<li>5 additional slots for SATA drives<\/li>\n<li>Hot-swap: change drives without interruption<\/li>\n<li>Works seamlessly with DSM<\/li>\n<li>Quiet operation, only 20.4 dB noise level<\/li>\n<li>Security with Kensington Lock<\/li>\n<\/ul>\n","protected":false},"featured_media":999999999,"template":"","meta":{"_acf_changed":false},"product_brand":[],"product_cat":[18022,16749,17037],"product_tag":[],"class_list":{"0":"post-1317627","1":"product","2":"type-product","3":"status-publish","4":"has-post-thumbnail","6":"product_cat-salvestuslahendused","7":"product_cat-tarvikkeet","8":"product_cat-vork","10":"first","11":"onbackorder","12":"taxable","13":"shipping-taxable","14":"purchasable","15":"product-type-simple"},"acf":[],"_links":{"self":[{"href":"https:\/\/digibit.ee\/en\/wp-json\/wp\/v2\/product\/1317627","targetHints":{"allow":["GET"]}}],"collection":[{"href":"https:\/\/digibit.ee\/en\/wp-json\/wp\/v2\/product"}],"about":[{"href":"https:\/\/digibit.ee\/en\/wp-json\/wp\/v2\/types\/product"}],"wp:featuredmedia":[{"embeddable":true,"href":"https:\/\/digibit.ee\/en\/wp-json\/"}],"wp:attachment":[{"href":"https:\/\/digibit.ee\/en\/wp-json\/wp\/v2\/media?parent=1317627"}],"wp:term":[{"taxonomy":"product_brand","embeddable":true,"href":"https:\/\/digibit.ee\/en\/wp-json\/wp\/v2\/product_brand?post=1317627"},{"taxonomy":"product_cat","embeddable":true,"href":"https:\/\/digibit.ee\/en\/wp-json\/wp\/v2\/product_cat?post=1317627"},{"taxonomy":"product_tag","embeddable":true,"href":"https:\/\/digibit.ee\/en\/wp-json\/wp\/v2\/product_tag?post=1317627"}],"curies":[{"name":"wp","href":"https:\/\/api.w.org\/{rel}","templated":true}]}}