{"id":1317457,"date":"2026-02-16T10:58:21","date_gmt":"2026-02-16T08:58:21","guid":{"rendered":"https:\/\/digibit.ee\/tooted\/maaratlemata\/keenetic-buddy-5-wifi-5-toistin\/"},"modified":"2026-04-12T18:25:43","modified_gmt":"2026-04-12T15:25:43","slug":"keenetic-buddy-5-wifi-5-toistin","status":"publish","type":"product","link":"https:\/\/digibit.ee\/en\/product\/keenetic-buddy-5-wifi-5-toistin\/","title":{"rendered":"Keenetic Buddy 5 WiFi 5 repeater"},"content":{"rendered":"<p>Keenetic Buddy 5 (KN-3311). Malli: Verkkotoistin, Tiedonsiirtonopeus: 1200 Mbit\/s, Ethernet LAN -datanopeudet: 100 Mbit\/s. Antennityyppi: Ulkoinen. Kaapelitekniikka: 10\/100Base-T(X), Verkkostandardit: IEEE 802.11k, IEEE 802.11n, IEEE 802.11r, IEEE 802.11v, Wi-Fi-standardit: Wi-Fi 4 (802.11n), Wi-Fi 5 (802.11ac). Tuotteen v\u00e4ri: Harmaa, Valkoinen. AC-sy\u00f6tt\u00f6j\u00e4nnite: 100 &#8211; 240 V, AC-sy\u00f6tt\u00f6taajuus: 50\/60 Hz<\/p>\n","protected":false},"excerpt":{"rendered":"<ul>\n<li>Expand Wi-Fi efficiently<\/li>\n<li>Support for Mesh network and roaming<\/li>\n<li>1200 Mbit\/s speed on two frequencies<\/li>\n<li>WPA3 Security and WPS Association<\/li>\n<li>Easy management with the app<\/li>\n<\/ul>\n","protected":false},"featured_media":999999999,"template":"","meta":{"_acf_changed":false},"product_brand":[],"product_cat":[19572,17037,17490],"product_tag":[],"class_list":{"0":"post-1317457","1":"product","2":"type-product","3":"status-publish","4":"has-post-thumbnail","6":"product_cat-traadita-ruuterid-ja-tugijaamad","7":"product_cat-vork","8":"product_cat-wifi-toistimet","10":"first","11":"onbackorder","12":"taxable","13":"shipping-taxable","14":"purchasable","15":"product-type-simple"},"acf":[],"_links":{"self":[{"href":"https:\/\/digibit.ee\/en\/wp-json\/wp\/v2\/product\/1317457","targetHints":{"allow":["GET"]}}],"collection":[{"href":"https:\/\/digibit.ee\/en\/wp-json\/wp\/v2\/product"}],"about":[{"href":"https:\/\/digibit.ee\/en\/wp-json\/wp\/v2\/types\/product"}],"wp:featuredmedia":[{"embeddable":true,"href":"https:\/\/digibit.ee\/en\/wp-json\/"}],"wp:attachment":[{"href":"https:\/\/digibit.ee\/en\/wp-json\/wp\/v2\/media?parent=1317457"}],"wp:term":[{"taxonomy":"product_brand","embeddable":true,"href":"https:\/\/digibit.ee\/en\/wp-json\/wp\/v2\/product_brand?post=1317457"},{"taxonomy":"product_cat","embeddable":true,"href":"https:\/\/digibit.ee\/en\/wp-json\/wp\/v2\/product_cat?post=1317457"},{"taxonomy":"product_tag","embeddable":true,"href":"https:\/\/digibit.ee\/en\/wp-json\/wp\/v2\/product_tag?post=1317457"}],"curies":[{"name":"wp","href":"https:\/\/api.w.org\/{rel}","templated":true}]}}