{"id":1317453,"date":"2026-02-16T10:58:21","date_gmt":"2026-02-16T08:58:21","guid":{"rendered":"https:\/\/digibit.ee\/tooted\/maaratlemata\/keenetic-starter-2nd-gen-wifi-4-reititin\/"},"modified":"2026-04-12T18:25:43","modified_gmt":"2026-04-12T15:25:43","slug":"keenetic-starter-2nd-gen-wifi-4-reititin","status":"publish","type":"product","link":"https:\/\/digibit.ee\/en\/product\/keenetic-starter-2nd-gen-wifi-4-reititin\/","title":{"rendered":"Keenetic Starter 2nd Gen WiFi 4 router"},"content":{"rendered":"<p>Keenetic Starter (KN-1121). WAN -liitintyyppi: RJ-45, WISP. Wi-Fi-taajuus: Yksi kaista (2,4 GHz), Wi-Fi-standardi: Wi-Fi 4 (802.11n), WLAN-tiedonsiirtonopeus (maks.): 300 Mbit\/s. Ethernet LAN -k\u00e4ytt\u00f6liittym\u00e4n tyyppi: Nopea Ethernet, Ethernet LAN -datanopeudet: 10,100 Mbit\/s, Kaapelitekniikka: 10\/100Base-T(X). Tietoturva-algoritmit: WEP, WPA-PSK, WPA2-Enterprise, WPA2-PSK, WPA3-Enterprise, WPA3-PSK, OWE, Palomuurisuojaus: SPI. IPv4- ja IPv6 -ominaisuudet: Dual stack IPv4\/IPv6, IPv6 SSH, IPv6 Telnet, Tuetut verkkoprotokollat: IPoE, PPPoE, PPTP, L2TP, 802.1x<\/p>\n","protected":false},"excerpt":{"rendered":"<ul>\n<li>Wi-Fi 4 with speeds of 300 Mbit\/s<\/li>\n<li>Mesh support easily expands the network<\/li>\n<li>VPN protocols for private use<\/li>\n<li>Security with WPA3 and firewall protection<\/li>\n<li>Easy management with an app or browser<\/li>\n<\/ul>\n","protected":false},"featured_media":999999999,"template":"","meta":{"_acf_changed":false},"product_brand":[],"product_cat":[19572,17037,19609],"product_tag":[],"class_list":{"0":"post-1317453","1":"product","2":"type-product","3":"status-publish","4":"has-post-thumbnail","6":"product_cat-traadita-ruuterid-ja-tugijaamad","7":"product_cat-vork","8":"product_cat-wifi-4","10":"first","11":"instock","12":"taxable","13":"shipping-taxable","14":"purchasable","15":"product-type-simple"},"acf":[],"_links":{"self":[{"href":"https:\/\/digibit.ee\/en\/wp-json\/wp\/v2\/product\/1317453","targetHints":{"allow":["GET"]}}],"collection":[{"href":"https:\/\/digibit.ee\/en\/wp-json\/wp\/v2\/product"}],"about":[{"href":"https:\/\/digibit.ee\/en\/wp-json\/wp\/v2\/types\/product"}],"wp:featuredmedia":[{"embeddable":true,"href":"https:\/\/digibit.ee\/en\/wp-json\/"}],"wp:attachment":[{"href":"https:\/\/digibit.ee\/en\/wp-json\/wp\/v2\/media?parent=1317453"}],"wp:term":[{"taxonomy":"product_brand","embeddable":true,"href":"https:\/\/digibit.ee\/en\/wp-json\/wp\/v2\/product_brand?post=1317453"},{"taxonomy":"product_cat","embeddable":true,"href":"https:\/\/digibit.ee\/en\/wp-json\/wp\/v2\/product_cat?post=1317453"},{"taxonomy":"product_tag","embeddable":true,"href":"https:\/\/digibit.ee\/en\/wp-json\/wp\/v2\/product_tag?post=1317453"}],"curies":[{"name":"wp","href":"https:\/\/api.w.org\/{rel}","templated":true}]}}