{"id":1317452,"date":"2026-02-16T10:58:21","date_gmt":"2026-02-16T08:58:21","guid":{"rendered":"https:\/\/digibit.ee\/tooted\/maaratlemata\/keenetic-explorer-4g-modeemi\/"},"modified":"2026-04-12T18:25:43","modified_gmt":"2026-04-12T15:25:43","slug":"keenetic-explorer-4g-modeemi","status":"publish","type":"product","link":"https:\/\/digibit.ee\/en\/product\/keenetic-explorer-4g-modeemi\/","title":{"rendered":"Keenetic Explorer 4G modem"},"content":{"rendered":"<p>Keenetic Explorer 4G (KN-4910). WAN -liitintyyppi: RJ-45, WISP. Wi-Fi-taajuus: Kaksitaajuus (2,4 GHz\/5 GHz), Wi-Fi-standardi: Wi-Fi 5 (802.11ac), WLAN-tiedonsiirtonopeus (maks.): 1200 Mbit\/s. Ethernet LAN -k\u00e4ytt\u00f6liittym\u00e4n tyyppi: Nopea Ethernet, Ethernet LAN -datanopeudet: 10,100 Mbit\/s, Kaapelitekniikka: 10\/100Base-T(X). Mobiiliverkon sukupolvi: 4G, 3G-standardit: HSDPA, HSPA+, HSUPA, WCDMA, 4G-standardit: LTE-TDD &amp; LTE-FDD. Tietoturva-algoritmit: WEP, WPA-PSK, WPA2-Enterprise, WPA2-PSK, WPA3-Enterprise, WPA3-PSK, OWE, Palomuurisuojaus: SPI<\/p>\n","protected":false},"excerpt":{"rendered":"<ul>\n<li>4G LTE router with nano-SIM slot<\/li>\n<li>Wi-Fi 5, speed up to 1200 Mbps<\/li>\n<li>VPN support and comprehensive security<\/li>\n<li>4 external antennas<\/li>\n<li>Web-based and cloud management<\/li>\n<\/ul>\n","protected":false},"featured_media":999999999,"template":"","meta":{"_acf_changed":false},"product_brand":[],"product_cat":[19572,17037,19610],"product_tag":[],"class_list":{"0":"post-1317452","1":"product","2":"type-product","3":"status-publish","4":"has-post-thumbnail","6":"product_cat-traadita-ruuterid-ja-tugijaamad","7":"product_cat-vork","8":"product_cat-wifi-5","10":"first","11":"instock","12":"taxable","13":"shipping-taxable","14":"purchasable","15":"product-type-simple"},"acf":[],"_links":{"self":[{"href":"https:\/\/digibit.ee\/en\/wp-json\/wp\/v2\/product\/1317452","targetHints":{"allow":["GET"]}}],"collection":[{"href":"https:\/\/digibit.ee\/en\/wp-json\/wp\/v2\/product"}],"about":[{"href":"https:\/\/digibit.ee\/en\/wp-json\/wp\/v2\/types\/product"}],"wp:featuredmedia":[{"embeddable":true,"href":"https:\/\/digibit.ee\/en\/wp-json\/"}],"wp:attachment":[{"href":"https:\/\/digibit.ee\/en\/wp-json\/wp\/v2\/media?parent=1317452"}],"wp:term":[{"taxonomy":"product_brand","embeddable":true,"href":"https:\/\/digibit.ee\/en\/wp-json\/wp\/v2\/product_brand?post=1317452"},{"taxonomy":"product_cat","embeddable":true,"href":"https:\/\/digibit.ee\/en\/wp-json\/wp\/v2\/product_cat?post=1317452"},{"taxonomy":"product_tag","embeddable":true,"href":"https:\/\/digibit.ee\/en\/wp-json\/wp\/v2\/product_tag?post=1317452"}],"curies":[{"name":"wp","href":"https:\/\/api.w.org\/{rel}","templated":true}]}}