{"id":1317450,"date":"2026-02-16T10:58:21","date_gmt":"2026-02-16T08:58:21","guid":{"rendered":"https:\/\/digibit.ee\/tooted\/maaratlemata\/keenetic-carrier-3rd-gen-wifi-5-reititin\/"},"modified":"2026-04-12T18:25:43","modified_gmt":"2026-04-12T15:25:43","slug":"keenetic-carrier-3rd-gen-wifi-5-reititin","status":"publish","type":"product","link":"https:\/\/digibit.ee\/en\/product\/keenetic-carrier-3rd-gen-wifi-5-reititin\/","title":{"rendered":"Keenetic Carrier 3rd Gen WiFi 5 router"},"content":{"rendered":"<p>Keenetic Carrier (KN-1721). WAN -liitintyyppi: RJ-45, WISP. Wi-Fi-taajuus: Kaksitaajuus (2,4 GHz\/5 GHz), Wi-Fi-standardi: Wi-Fi 5 (802.11ac), WLAN-tiedonsiirtonopeus (maks.): 1200 Mbit\/s. Ethernet LAN -k\u00e4ytt\u00f6liittym\u00e4n tyyppi: Nopea Ethernet, Ethernet LAN -datanopeudet: 10,100 Mbit\/s, Kaapelitekniikka: 10\/100Base-T(X). Datavirtojen lukum\u00e4\u00e4r\u00e4: 2&#215;2. Tietoturva-algoritmit: WEP, WPA-PSK, WPA2-Enterprise, WPA2-PSK, WPA3-Enterprise, WPA3-PSK, OWE, Palomuurisuojaus: SPI<\/p>\n","protected":false},"excerpt":{"rendered":"<ul>\n<li>Stable dual-band Wi-Fi for the whole home<\/li>\n<li>Mesh support eliminates dead zones<\/li>\n<li>USB modem as a backup connection<\/li>\n<li>WPA3 security and firewall<\/li>\n<li>Easy control with the app<\/li>\n<\/ul>\n","protected":false},"featured_media":999999999,"template":"","meta":{"_acf_changed":false},"product_brand":[],"product_cat":[19572,17037,19610],"product_tag":[],"class_list":{"0":"post-1317450","1":"product","2":"type-product","3":"status-publish","4":"has-post-thumbnail","6":"product_cat-traadita-ruuterid-ja-tugijaamad","7":"product_cat-vork","8":"product_cat-wifi-5","10":"first","11":"instock","12":"taxable","13":"shipping-taxable","14":"purchasable","15":"product-type-simple"},"acf":[],"_links":{"self":[{"href":"https:\/\/digibit.ee\/en\/wp-json\/wp\/v2\/product\/1317450","targetHints":{"allow":["GET"]}}],"collection":[{"href":"https:\/\/digibit.ee\/en\/wp-json\/wp\/v2\/product"}],"about":[{"href":"https:\/\/digibit.ee\/en\/wp-json\/wp\/v2\/types\/product"}],"wp:featuredmedia":[{"embeddable":true,"href":"https:\/\/digibit.ee\/en\/wp-json\/"}],"wp:attachment":[{"href":"https:\/\/digibit.ee\/en\/wp-json\/wp\/v2\/media?parent=1317450"}],"wp:term":[{"taxonomy":"product_brand","embeddable":true,"href":"https:\/\/digibit.ee\/en\/wp-json\/wp\/v2\/product_brand?post=1317450"},{"taxonomy":"product_cat","embeddable":true,"href":"https:\/\/digibit.ee\/en\/wp-json\/wp\/v2\/product_cat?post=1317450"},{"taxonomy":"product_tag","embeddable":true,"href":"https:\/\/digibit.ee\/en\/wp-json\/wp\/v2\/product_tag?post=1317450"}],"curies":[{"name":"wp","href":"https:\/\/api.w.org\/{rel}","templated":true}]}}