{"id":1317449,"date":"2026-02-16T10:58:21","date_gmt":"2026-02-16T08:58:21","guid":{"rendered":"https:\/\/digibit.ee\/tooted\/maaratlemata\/keenetic-sprinter-se-wifi-6-reititin\/"},"modified":"2026-04-12T18:25:42","modified_gmt":"2026-04-12T15:25:42","slug":"keenetic-sprinter-se-wifi-6-reititin","status":"publish","type":"product","link":"https:\/\/digibit.ee\/en\/product\/keenetic-sprinter-se-wifi-6-reititin\/","title":{"rendered":"Keenetic Sprinter SE WiFi 6 router"},"content":{"rendered":"<p>Keenetic Sprinter SE (KN-3712). WAN -liitintyyppi: RJ-45, WISP. Wi-Fi-taajuus: Kaksitaajuus (2,4 GHz\/5 GHz), Wi-Fi-standardi: Wi-Fi 6 (802.11ax), WLAN-tiedonsiirtonopeus (maks.): 3000 Mbit\/s. Ethernet LAN -k\u00e4ytt\u00f6liittym\u00e4n tyyppi: Gigabitti Ethernet, Ethernet LAN -datanopeudet: 10,100,1000 Mbit\/s, Kaapelitekniikka: 10\/100\/1000Base-T(X). Datavirtojen lukum\u00e4\u00e4r\u00e4: 3&#215;3. Tietoturva-algoritmit: WEP, WPA-PSK, WPA2-Enterprise, WPA2-PSK, WPA3-Enterprise, WPA3-PSK, OWE, Palomuurisuojaus: SPI<\/p>\n","protected":false},"excerpt":{"rendered":"<ul>\n<li>WiFi 6 and speeds up to 3000 Mbps<\/li>\n<li>4 x gigabit ports and Multi-WAN support<\/li>\n<li>Extensive VPN and security features<\/li>\n<li>Mesh support and IntelliQoS for smooth operation<\/li>\n<li>Easy management with the app and stylish design<\/li>\n<\/ul>\n","protected":false},"featured_media":999999999,"template":"","meta":{"_acf_changed":false},"product_brand":[],"product_cat":[19572,17037,18308],"product_tag":[],"class_list":{"0":"post-1317449","1":"product","2":"type-product","3":"status-publish","4":"has-post-thumbnail","6":"product_cat-traadita-ruuterid-ja-tugijaamad","7":"product_cat-vork","8":"product_cat-wifi-6","10":"first","11":"instock","12":"taxable","13":"shipping-taxable","14":"purchasable","15":"product-type-simple"},"acf":[],"_links":{"self":[{"href":"https:\/\/digibit.ee\/en\/wp-json\/wp\/v2\/product\/1317449","targetHints":{"allow":["GET"]}}],"collection":[{"href":"https:\/\/digibit.ee\/en\/wp-json\/wp\/v2\/product"}],"about":[{"href":"https:\/\/digibit.ee\/en\/wp-json\/wp\/v2\/types\/product"}],"wp:featuredmedia":[{"embeddable":true,"href":"https:\/\/digibit.ee\/en\/wp-json\/"}],"wp:attachment":[{"href":"https:\/\/digibit.ee\/en\/wp-json\/wp\/v2\/media?parent=1317449"}],"wp:term":[{"taxonomy":"product_brand","embeddable":true,"href":"https:\/\/digibit.ee\/en\/wp-json\/wp\/v2\/product_brand?post=1317449"},{"taxonomy":"product_cat","embeddable":true,"href":"https:\/\/digibit.ee\/en\/wp-json\/wp\/v2\/product_cat?post=1317449"},{"taxonomy":"product_tag","embeddable":true,"href":"https:\/\/digibit.ee\/en\/wp-json\/wp\/v2\/product_tag?post=1317449"}],"curies":[{"name":"wp","href":"https:\/\/api.w.org\/{rel}","templated":true}]}}