{"id":1317434,"date":"2026-02-16T10:58:19","date_gmt":"2026-02-16T08:58:19","guid":{"rendered":"https:\/\/digibit.ee\/tooted\/maaratlemata\/miele-kfn-4377-cd-125-edition-jaakaappipakastin-teras\/"},"modified":"2026-04-11T09:36:01","modified_gmt":"2026-04-11T06:36:01","slug":"miele-kfn-4377-cd-125-edition-jaakaappipakastin-teras","status":"publish","type":"product","link":"https:\/\/digibit.ee\/en\/product\/miele-kfn-4377-cd-125-edition-jaakaappipakastin-teras\/","title":{"rendered":"Miele KFN 4377 CD 125 edition &#8211; refrigerator freezer, steel"},"content":{"rendered":"<p>Miele KFN 4377 CD 125 Edition. Kokonaisnettokapasiteetti: 321 L. Oven sarana: Oikea. Ilmastoluokka: SN-T, Melutaso: 35 dB. J\u00e4\u00e4kaapin nettokapasiteetti: 218 L, No Frost (j\u00e4\u00e4kaappi), J\u00e4\u00e4kaapin sis\u00e4valo, Hyllyjen\/korien m\u00e4\u00e4r\u00e4 j\u00e4\u00e4kaapissa: 4. Pakastimen nettokapasiteetti: 103 L, Pakastuskapasiteetti: 10 kg\/24h, No Frost (pakastin). Tuoreosasto. Energialuokka: C, Kokonaisenergiankulutus: 170 kWh. Tuotteen v\u00e4ri: Ruostumaton ter\u00e4s<\/p>\n","protected":false},"excerpt":{"rendered":"<ul>\n<li>Energy class C<\/li>\n<li>Capacity 218 L \/ 103 L<\/li>\n<li>Noise level 35 dB<\/li>\n<li>NoFrost<\/li>\n<li>DynaCool<\/li>\n<\/ul>\n","protected":false},"featured_media":999999999,"template":"","meta":{"_acf_changed":false},"product_brand":[],"product_cat":[16967],"product_tag":[],"class_list":{"0":"post-1317434","1":"product","2":"type-product","3":"status-publish","4":"has-post-thumbnail","6":"product_cat-kodumasinad","8":"first","9":"instock","10":"taxable","11":"shipping-taxable","12":"purchasable","13":"product-type-simple"},"acf":[],"_links":{"self":[{"href":"https:\/\/digibit.ee\/en\/wp-json\/wp\/v2\/product\/1317434","targetHints":{"allow":["GET"]}}],"collection":[{"href":"https:\/\/digibit.ee\/en\/wp-json\/wp\/v2\/product"}],"about":[{"href":"https:\/\/digibit.ee\/en\/wp-json\/wp\/v2\/types\/product"}],"wp:featuredmedia":[{"embeddable":true,"href":"https:\/\/digibit.ee\/en\/wp-json\/"}],"wp:attachment":[{"href":"https:\/\/digibit.ee\/en\/wp-json\/wp\/v2\/media?parent=1317434"}],"wp:term":[{"taxonomy":"product_brand","embeddable":true,"href":"https:\/\/digibit.ee\/en\/wp-json\/wp\/v2\/product_brand?post=1317434"},{"taxonomy":"product_cat","embeddable":true,"href":"https:\/\/digibit.ee\/en\/wp-json\/wp\/v2\/product_cat?post=1317434"},{"taxonomy":"product_tag","embeddable":true,"href":"https:\/\/digibit.ee\/en\/wp-json\/wp\/v2\/product_tag?post=1317434"}],"curies":[{"name":"wp","href":"https:\/\/api.w.org\/{rel}","templated":true}]}}