{"id":1317433,"date":"2026-02-16T10:58:19","date_gmt":"2026-02-16T08:58:19","guid":{"rendered":"https:\/\/digibit.ee\/tooted\/maaratlemata\/miele-kfn-4375-cd-jaakaappipakastin-valkoinen\/"},"modified":"2026-04-11T06:33:49","modified_gmt":"2026-04-11T03:33:49","slug":"miele-kfn-4375-cd-jaakaappipakastin-valkoinen","status":"publish","type":"product","link":"https:\/\/digibit.ee\/en\/product\/miele-kfn-4375-cd-jaakaappipakastin-valkoinen\/","title":{"rendered":"Miele KFN 4375 CD &#8211; refrigerator freezer, white"},"content":{"rendered":"<p>Miele KFN 4375 CD. Kokonaisnettokapasiteetti: 330 L. Oven sarana: Oikea. Ilmastoluokka: SN-T, Melutaso: 35 dB. J\u00e4\u00e4kaapin nettokapasiteetti: 227 L, No Frost (j\u00e4\u00e4kaappi), J\u00e4\u00e4kaapin sis\u00e4valo, Hyllyjen\/korien m\u00e4\u00e4r\u00e4 j\u00e4\u00e4kaapissa: 4. Pakastimen nettokapasiteetti: 103 L, Pakastuskapasiteetti: 10 kg\/24h, No Frost (pakastin). Tuoreosasto. Energialuokka: C, Kokonaisenergiankulutus: 161 kWh. Tuotteen v\u00e4ri: Valkoinen<\/p>\n","protected":false},"excerpt":{"rendered":"<ul>\n<li>Energy class C<\/li>\n<li>Capacity 227 L \/ 103 L<\/li>\n<li>Sound level 35 dB<\/li>\n<li>NoFrost<\/li>\n<li>125th Anniversary Edition<\/li>\n<\/ul>\n","protected":false},"featured_media":999999999,"template":"","meta":{"_acf_changed":false},"product_brand":[],"product_cat":[18276,18275,16967,17021],"product_tag":[],"class_list":{"0":"post-1317433","1":"product","2":"type-product","3":"status-publish","4":"has-post-thumbnail","6":"product_cat-60-cm-jaakaappipakastimet","7":"product_cat-jaakaappipakastimet","8":"product_cat-kodumasinad","9":"product_cat-kulmaseadmed","11":"first","12":"onbackorder","13":"taxable","14":"shipping-taxable","15":"purchasable","16":"product-type-simple"},"acf":[],"_links":{"self":[{"href":"https:\/\/digibit.ee\/en\/wp-json\/wp\/v2\/product\/1317433","targetHints":{"allow":["GET"]}}],"collection":[{"href":"https:\/\/digibit.ee\/en\/wp-json\/wp\/v2\/product"}],"about":[{"href":"https:\/\/digibit.ee\/en\/wp-json\/wp\/v2\/types\/product"}],"wp:featuredmedia":[{"embeddable":true,"href":"https:\/\/digibit.ee\/en\/wp-json\/"}],"wp:attachment":[{"href":"https:\/\/digibit.ee\/en\/wp-json\/wp\/v2\/media?parent=1317433"}],"wp:term":[{"taxonomy":"product_brand","embeddable":true,"href":"https:\/\/digibit.ee\/en\/wp-json\/wp\/v2\/product_brand?post=1317433"},{"taxonomy":"product_cat","embeddable":true,"href":"https:\/\/digibit.ee\/en\/wp-json\/wp\/v2\/product_cat?post=1317433"},{"taxonomy":"product_tag","embeddable":true,"href":"https:\/\/digibit.ee\/en\/wp-json\/wp\/v2\/product_tag?post=1317433"}],"curies":[{"name":"wp","href":"https:\/\/api.w.org\/{rel}","templated":true}]}}